{"id":5197,"date":"2023-11-25T10:53:21","date_gmt":"2023-11-25T09:53:21","guid":{"rendered":"https:\/\/herrestalada.com\/?page_id=5197"},"modified":"2026-01-29T10:40:53","modified_gmt":"2026-01-29T09:40:53","slug":"cafe-och-butik","status":"publish","type":"page","link":"https:\/\/herrestalada.com\/en\/cafe\/cafe-och-butik\/","title":{"rendered":"Caf\u00e9 &amp; Butik"},"content":{"rendered":"<p>[et_pb_section fb_built=&#8221;1&#8243; admin_label=&#8221;Hero Section&#8221; _builder_version=&#8221;4.23.1&#8243; use_background_color_gradient=&#8221;on&#8221; background_color_gradient_direction=&#8221;3deg&#8221; background_color_gradient_stops=&#8221;#ffffff 12%|rgba(0,0,0,0.4) 12%&#8221; background_color_gradient_overlays_image=&#8221;on&#8221; background_color_gradient_start=&#8221;#ffffff&#8221; background_color_gradient_start_position=&#8221;12%&#8221; background_color_gradient_end=&#8221;rgba(0,0,0,0.4)&#8221; background_color_gradient_end_position=&#8221;12%&#8221; background_image=&#8221;https:\/\/herrestalada.com\/wp-content\/uploads\/2018\/10\/DSC_1821_1.jpg&#8221; custom_margin=&#8221;||||false|false&#8221; custom_padding=&#8221;10%||10%||true|false&#8221; locked=&#8221;off&#8221; global_colors_info=&#8221;{}&#8221;][et_pb_row admin_label=&#8221;Page Title Area&#8221; _builder_version=&#8221;4.16&#8243; global_colors_info=&#8221;{}&#8221;][et_pb_column type=&#8221;4_4&#8243; _builder_version=&#8221;4.16&#8243; custom_padding=&#8221;|||&#8221; global_colors_info=&#8221;{}&#8221; custom_padding__hover=&#8221;|||&#8221;][et_pb_text admin_label=&#8221;Hero Section Title&#8221; _builder_version=&#8221;4.23.4&#8243; text_font=&#8221;Montserrat||||||||&#8221; text_font_size=&#8221;20px&#8221; text_line_height=&#8221;1.8em&#8221; header_font=&#8221;Montserrat|600||on|||||&#8221; header_font_size=&#8221;48px&#8221; header_letter_spacing=&#8221;3px&#8221; header_line_height=&#8221;1.3em&#8221; header_2_font=&#8221;Montserrat|700|||||||&#8221; header_2_text_color=&#8221;rgba(255,255,255,0.6)&#8221; header_2_font_size=&#8221;90px&#8221; header_2_letter_spacing=&#8221;3px&#8221; header_2_line_height=&#8221;1.1em&#8221; text_orientation=&#8221;center&#8221; background_layout=&#8221;dark&#8221; max_width=&#8221;90%&#8221; max_width_tablet=&#8221;90%&#8221; max_width_phone=&#8221;100%&#8221; max_width_last_edited=&#8221;on|tablet&#8221; module_alignment=&#8221;center&#8221; custom_margin=&#8221;|||&#8221; custom_padding_tablet=&#8221;&#8221; custom_padding_phone=&#8221;&#8221; custom_padding_last_edited=&#8221;on|phone&#8221; animation_direction=&#8221;bottom&#8221; header_font_size_tablet=&#8221;35px&#8221; header_font_size_phone=&#8221;25px&#8221; header_font_size_last_edited=&#8221;on|phone&#8221; header_2_font_size_tablet=&#8221;&#8221; header_2_font_size_phone=&#8221;50px&#8221; header_2_font_size_last_edited=&#8221;on|phone&#8221; global_colors_info=&#8221;{}&#8221;]<\/p>\n<h1>Caf\u00e9 &amp; Butik<\/h1>\n<p>&nbsp;<\/p>\n<p>[\/et_pb_text][\/et_pb_column][\/et_pb_row][\/et_pb_section][et_pb_section fb_built=&#8221;1&#8243; admin_label=&#8221;Feature 03&#8243; _builder_version=&#8221;4.16&#8243; background_color_gradient_direction=&#8221;-3deg&#8221; custom_padding=&#8221;0px||130px|||&#8221; global_colors_info=&#8221;{}&#8221;][et_pb_row column_structure=&#8221;3_5,2_5&#8243; _builder_version=&#8221;4.23.1&#8243; background_size=&#8221;initial&#8221; background_position=&#8221;top_left&#8221; background_repeat=&#8221;repeat&#8221; width=&#8221;62.6%&#8221; custom_margin=&#8221;50px||||false|false&#8221; global_colors_info=&#8221;{}&#8221;][et_pb_column type=&#8221;3_5&#8243; _builder_version=&#8221;4.16&#8243; custom_padding=&#8221;|||&#8221; global_colors_info=&#8221;{}&#8221; custom_padding__hover=&#8221;|||&#8221;][et_pb_text admin_label=&#8221;Text&#8221; _builder_version=&#8221;4.27.4&#8243; background_size=&#8221;initial&#8221; background_position=&#8221;top_left&#8221; background_repeat=&#8221;repeat&#8221; global_colors_info=&#8221;{}&#8221;]<\/p>\n<h2>Ekocaf\u00e9 &amp; Presentbutik med konsthantverk<\/h2>\n<p>&nbsp;<\/p>\n<p>N\u00e5gra helger per \u00e5r har vi gl\u00e4djen att \u00f6ppna d\u00f6rrarna till v\u00e5rt mysiga caf\u00e9 med enbart hembakt och fr\u00e5n helt ekologiska r\u00e5varor. H\u00e4r kan du bland annat njuta av kladdkaka, toast eller hembakade belgiska v\u00e5fflor med sylt och vispgr\u00e4dde. Fasta \u00e5rliga datum f\u00f6r caf\u00e9et \u00e4r sista helgen i april d\u00e5 konstrundan i Odensala \u00e4ger rum samt advents-s\u00f6ndagarna i december d\u00e5 vi arrangerar v\u00e5r \u00e5rliga julmarknad.<\/p>\n<p>Under de fyra adventss\u00f6ndagarna i december fyller vi v\u00e5r lilla och mysiga presentbutik med vackra produkter som passar som julklappar eller fina inredningsdetaljer hemma. Du kan exempelvis hitta ljus, lyktor, krukor, f\u00e5gelholkar mm. I anslutning till caf\u00e9et g\u00e4stas vi alltid av flera olika konsthantverkare, som visar upp och s\u00e4ljer sina produkter.<\/p>\n<p>Under konstrundan sista helgen i april har vi \u00f6ppet l\u00f6rdag och s\u00f6ndag och bjuder d\u00e5 in olika konsthantverkare att st\u00e4lla ut sina produkter i Herresta Ladas lokaler. Konstrundan \u00e4r ett samarbete med ytterligare n\u00e4rmare 20 stationer i Odensala med omnejd d\u00e4r olika hantverkare \u00f6ppnar upp sina hem eller lokaler f\u00f6r att visa upp och s\u00e4lja sina produkter. L\u00e4s mer om de olika stationerna p\u00e5 Odensala konstrunda p\u00e5 <a href=\"https:\/\/odensala-konst-hantverk.se\/\" target=\"_blank\" rel=\"noopener\">https:\/\/odensala-konst-hantverk.se\/<\/a>. Sj\u00e4lvklart \u00e4r v\u00e5r butik \u00f6ppen \u00e4ven denna helg.<\/p>\n<p>F\u00f6rutom under caf\u00e9ets fasta \u00f6ppetdagar kan du alltid h\u00f6ra av dig om du vill titta f\u00f6rbi och k\u00f6pa v\u00e5r egenproducerade honung eller andra produkter i butiken.<\/p>\n<p>Varmt v\u00e4lkommen att njuta av lantluften och utsikten fr\u00e5n uteverandan under s\u00e4song, eller sl\u00e5 dig ner och v\u00e4rm dig intill v\u00e5r vedeldade braskamin inne i den inbjudande ladan.<\/p>\n<p>PS. \u00c4r du intresserad av att sj\u00e4lv st\u00e4lla ut och s\u00e4lja dina hantverksprodukter h\u00e4r p\u00e5 Herresta Lada, eller k\u00e4nner du n\u00e5gon du tror kan vara det \u2013 h\u00f6r av dig!<\/p>\n<p><span style=\"color: #e10707;\"><span style=\"font-size: 15px;\"><strong>N\u00e4sta g\u00e5ng vi h\u00e5ller caf\u00e9et \u00f6ppet med utst\u00e4llare blir under Odensala Konstrunda den 25-26 april, kl 11-17 b\u00e5da dagarna.\u00a0<br \/><\/strong><\/span><\/span><\/p>\n<p>Vi ser fram emot att se er h\u00e4r!<\/p>\n<p>Hel\u00e9ne &amp; Tord (v\u00e4rdparet p\u00e5 Herresta)<\/p>\n<p>&nbsp;<\/p>\n<p>[\/et_pb_text][\/et_pb_column][et_pb_column type=&#8221;2_5&#8243; _builder_version=&#8221;4.16&#8243; background_color=&#8221;#ffddd3&#8243; custom_padding=&#8221;20px|20px|20px|20px&#8221; global_colors_info=&#8221;{}&#8221; custom_padding__hover=&#8221;|||&#8221;][et_pb_text _builder_version=&#8221;4.23.1&#8243; header_3_line_height=&#8221;1.5em&#8221; global_colors_info=&#8221;{}&#8221;]<\/p>\n<div class=\"em-view-container\" id=\"em-view-1015262026\" data-view=\"list\">\r\n\t<div class=\"em-list em-events-list\" id=\"em-events-list-1015262026\" data-view-id=\"1015262026\">\r\n\t<\/p>\n<h3 style=\"color: #e10707;\"><a href=\"https:\/\/herrestalada.com\/en\/events\/25-26-april-konstrunda-i-odensala-med-cafe-butik-utstallare-2\/\">25-26 april: Konstrunda i Odensala med Caf\u00e9 &amp; Butik &amp; Utst\u00e4llare<\/a><\/h3>\n<p>Datum: 2026-04-25 - 2026-04-26<br \/>Tid: 11:00 - 17:00<\/p>\n<p><a style=\"text-decoration: underline;\" href=\"https:\/\/herrestalada.com\/en\/events\/25-26-april-konstrunda-i-odensala-med-cafe-butik-utstallare-2\/\">L\u00e4s mer&#8230;<\/a><\/p>\n<div style=\"height: 30px; clear: both;\"><\/div>\n<p>\t<\/div>\r\n<\/div>\n<p>[\/et_pb_text][\/et_pb_column][\/et_pb_row][et_pb_row admin_label=&#8221;Section Title&#8221; _builder_version=&#8221;4.16&#8243; custom_margin=&#8221;|||&#8221; custom_padding=&#8221;|||&#8221; locked=&#8221;off&#8221; global_colors_info=&#8221;{}&#8221;][et_pb_column type=&#8221;4_4&#8243; _builder_version=&#8221;4.16&#8243; custom_padding=&#8221;|||&#8221; global_colors_info=&#8221;{}&#8221; custom_padding__hover=&#8221;|||&#8221;][et_pb_text admin_label=&#8221;Title&#8221; _builder_version=&#8221;4.23.4&#8243; text_font=&#8221;||||||||&#8221; header_font=&#8221;||||||||&#8221; header_2_font=&#8221;Montserrat|600||on|||||&#8221; header_2_text_align=&#8221;center&#8221; header_2_font_size=&#8221;30px&#8221; header_2_line_height=&#8221;1.5em&#8221; custom_margin=&#8221;||5px|&#8221; animation_direction=&#8221;top&#8221; global_colors_info=&#8221;{}&#8221;]<\/p>\n<h2>Vad tidigare g\u00e4ster sagt<\/h2>\n<p>[\/et_pb_text][\/et_pb_column][\/et_pb_row][et_pb_row admin_label=&#8221;TEstimonial Area&#8221; _builder_version=&#8221;4.16&#8243; custom_padding=&#8221;||0px|&#8221; global_colors_info=&#8221;{}&#8221;][et_pb_column type=&#8221;4_4&#8243; _builder_version=&#8221;4.16&#8243; custom_padding=&#8221;|||&#8221; global_colors_info=&#8221;{}&#8221; custom_padding__hover=&#8221;|||&#8221;][et_pb_slider _builder_version=&#8221;4.23.4&#8243; header_font=&#8221;Montserrat|300|||||||&#8221; header_font_size=&#8221;24px&#8221; header_line_height=&#8221;1.6em&#8221; body_font=&#8221;Montserrat||||||||&#8221; body_text_color=&#8221;#666666&#8243; body_font_size=&#8221;16px&#8221; body_line_height=&#8221;3em&#8221; background_color=&#8221;#ffffff&#8221; custom_margin=&#8221;0px||0px|&#8221; custom_padding=&#8221;0px||120px|&#8221; show_inner_shadow=&#8221;off&#8221; global_colors_info=&#8221;{}&#8221; button_text_size__hover_enabled=&#8221;off&#8221; button_one_text_size__hover_enabled=&#8221;off&#8221; button_two_text_size__hover_enabled=&#8221;off&#8221; button_text_color__hover_enabled=&#8221;off&#8221; button_one_text_color__hover_enabled=&#8221;off&#8221; button_two_text_color__hover_enabled=&#8221;off&#8221; button_border_width__hover_enabled=&#8221;off&#8221; button_one_border_width__hover_enabled=&#8221;off&#8221; button_two_border_width__hover_enabled=&#8221;off&#8221; button_border_color__hover_enabled=&#8221;off&#8221; button_one_border_color__hover_enabled=&#8221;off&#8221; button_two_border_color__hover_enabled=&#8221;off&#8221; button_border_radius__hover_enabled=&#8221;off&#8221; button_one_border_radius__hover_enabled=&#8221;off&#8221; button_two_border_radius__hover_enabled=&#8221;off&#8221; button_letter_spacing__hover_enabled=&#8221;off&#8221; button_one_letter_spacing__hover_enabled=&#8221;off&#8221; button_two_letter_spacing__hover_enabled=&#8221;off&#8221; button_bg_color__hover_enabled=&#8221;off&#8221; button_one_bg_color__hover_enabled=&#8221;off&#8221; button_two_bg_color__hover_enabled=&#8221;off&#8221;][et_pb_slide heading=&#8221;Herrestas vackra lada och tr\u00e4dg\u00e5rd blev en perfekt inramning f\u00f6r v\u00e5rt br\u00f6llop och skapade en glad, avslappnad och k\u00e4rleksfull st\u00e4mning&#8221; use_bg_overlay=&#8221;off&#8221; use_text_overlay=&#8221;off&#8221; _builder_version=&#8221;4.16&#8243; background_layout=&#8221;light&#8221; global_colors_info=&#8221;{}&#8221; button_text_size__hover_enabled=&#8221;off&#8221; button_one_text_size__hover_enabled=&#8221;off&#8221; button_two_text_size__hover_enabled=&#8221;off&#8221; button_text_color__hover_enabled=&#8221;off&#8221; button_one_text_color__hover_enabled=&#8221;off&#8221; button_two_text_color__hover_enabled=&#8221;off&#8221; button_border_width__hover_enabled=&#8221;off&#8221; button_one_border_width__hover_enabled=&#8221;off&#8221; button_two_border_width__hover_enabled=&#8221;off&#8221; button_border_color__hover_enabled=&#8221;off&#8221; button_one_border_color__hover_enabled=&#8221;off&#8221; button_two_border_color__hover_enabled=&#8221;off&#8221; button_border_radius__hover_enabled=&#8221;off&#8221; button_one_border_radius__hover_enabled=&#8221;off&#8221; button_two_border_radius__hover_enabled=&#8221;off&#8221; button_letter_spacing__hover_enabled=&#8221;off&#8221; button_one_letter_spacing__hover_enabled=&#8221;off&#8221; button_two_letter_spacing__hover_enabled=&#8221;off&#8221; button_bg_color__hover_enabled=&#8221;off&#8221; button_one_bg_color__hover_enabled=&#8221;off&#8221; button_two_bg_color__hover_enabled=&#8221;off&#8221; sticky_transition=&#8221;on&#8221;]<strong>Natalii\u00a0Back<\/strong>[\/et_pb_slide][et_pb_slide heading=&#8221;Underbar plats &#8211; s\u00e5 n\u00e4ra 08 men \u00e4nd\u00e5 helt ute i paradiset.&#8221; use_bg_overlay=&#8221;off&#8221; use_text_overlay=&#8221;off&#8221; _builder_version=&#8221;4.16&#8243; background_layout=&#8221;light&#8221; global_colors_info=&#8221;{}&#8221; button_text_size__hover_enabled=&#8221;off&#8221; button_one_text_size__hover_enabled=&#8221;off&#8221; button_two_text_size__hover_enabled=&#8221;off&#8221; button_text_color__hover_enabled=&#8221;off&#8221; button_one_text_color__hover_enabled=&#8221;off&#8221; button_two_text_color__hover_enabled=&#8221;off&#8221; button_border_width__hover_enabled=&#8221;off&#8221; button_one_border_width__hover_enabled=&#8221;off&#8221; button_two_border_width__hover_enabled=&#8221;off&#8221; button_border_color__hover_enabled=&#8221;off&#8221; button_one_border_color__hover_enabled=&#8221;off&#8221; button_two_border_color__hover_enabled=&#8221;off&#8221; button_border_radius__hover_enabled=&#8221;off&#8221; button_one_border_radius__hover_enabled=&#8221;off&#8221; button_two_border_radius__hover_enabled=&#8221;off&#8221; button_letter_spacing__hover_enabled=&#8221;off&#8221; button_one_letter_spacing__hover_enabled=&#8221;off&#8221; button_two_letter_spacing__hover_enabled=&#8221;off&#8221; button_bg_color__hover_enabled=&#8221;off&#8221; button_one_bg_color__hover_enabled=&#8221;off&#8221; button_two_bg_color__hover_enabled=&#8221;off&#8221; sticky_transition=&#8221;on&#8221;]<strong>Niklas Lingstr\u00f6m<\/strong>[\/et_pb_slide][et_pb_slide heading=&#8221;P\u00e5 Herresta Lada f\u00f6rra \u00e5ret. Det var en underbar tid!&#8221; use_bg_overlay=&#8221;off&#8221; use_text_overlay=&#8221;off&#8221; _builder_version=&#8221;4.16&#8243; background_layout=&#8221;light&#8221; global_colors_info=&#8221;{}&#8221; button_text_size__hover_enabled=&#8221;off&#8221; button_one_text_size__hover_enabled=&#8221;off&#8221; button_two_text_size__hover_enabled=&#8221;off&#8221; button_text_color__hover_enabled=&#8221;off&#8221; button_one_text_color__hover_enabled=&#8221;off&#8221; button_two_text_color__hover_enabled=&#8221;off&#8221; button_border_width__hover_enabled=&#8221;off&#8221; button_one_border_width__hover_enabled=&#8221;off&#8221; button_two_border_width__hover_enabled=&#8221;off&#8221; button_border_color__hover_enabled=&#8221;off&#8221; button_one_border_color__hover_enabled=&#8221;off&#8221; button_two_border_color__hover_enabled=&#8221;off&#8221; button_border_radius__hover_enabled=&#8221;off&#8221; button_one_border_radius__hover_enabled=&#8221;off&#8221; button_two_border_radius__hover_enabled=&#8221;off&#8221; button_letter_spacing__hover_enabled=&#8221;off&#8221; button_one_letter_spacing__hover_enabled=&#8221;off&#8221; button_two_letter_spacing__hover_enabled=&#8221;off&#8221; button_bg_color__hover_enabled=&#8221;off&#8221; button_one_bg_color__hover_enabled=&#8221;off&#8221; button_two_bg_color__hover_enabled=&#8221;off&#8221; sticky_transition=&#8221;on&#8221;]<strong>Eric Basir<\/strong>[\/et_pb_slide][et_pb_slide heading=&#8221;Vi blev otroligt trevligt bem\u00f6tta n\u00e4r vi \u201dstormade\u201d in alla 15. Mysigt fika och b\u00e4sta t\u00e4nkbara service!&#8221; use_bg_overlay=&#8221;off&#8221; use_text_overlay=&#8221;off&#8221; _builder_version=&#8221;4.16&#8243; background_layout=&#8221;light&#8221; global_colors_info=&#8221;{}&#8221; button_text_size__hover_enabled=&#8221;off&#8221; button_one_text_size__hover_enabled=&#8221;off&#8221; button_two_text_size__hover_enabled=&#8221;off&#8221; button_text_color__hover_enabled=&#8221;off&#8221; button_one_text_color__hover_enabled=&#8221;off&#8221; button_two_text_color__hover_enabled=&#8221;off&#8221; button_border_width__hover_enabled=&#8221;off&#8221; button_one_border_width__hover_enabled=&#8221;off&#8221; button_two_border_width__hover_enabled=&#8221;off&#8221; button_border_color__hover_enabled=&#8221;off&#8221; button_one_border_color__hover_enabled=&#8221;off&#8221; button_two_border_color__hover_enabled=&#8221;off&#8221; button_border_radius__hover_enabled=&#8221;off&#8221; button_one_border_radius__hover_enabled=&#8221;off&#8221; button_two_border_radius__hover_enabled=&#8221;off&#8221; button_letter_spacing__hover_enabled=&#8221;off&#8221; button_one_letter_spacing__hover_enabled=&#8221;off&#8221; button_two_letter_spacing__hover_enabled=&#8221;off&#8221; button_bg_color__hover_enabled=&#8221;off&#8221; button_one_bg_color__hover_enabled=&#8221;off&#8221; button_two_bg_color__hover_enabled=&#8221;off&#8221; sticky_transition=&#8221;on&#8221;]<strong>Agneta Malmer<\/strong>[\/et_pb_slide][\/et_pb_slider][\/et_pb_column][\/et_pb_row][\/et_pb_section]<\/p>\n","protected":false},"excerpt":{"rendered":"<p>Caf\u00e9 &amp; Butik &nbsp;Ekocaf\u00e9 &amp; Presentbutik med konsthantverk &nbsp; N\u00e5gra helger per \u00e5r har vi gl\u00e4djen att \u00f6ppna d\u00f6rrarna till v\u00e5rt mysiga caf\u00e9 med enbart hembakt och fr\u00e5n helt ekologiska r\u00e5varor. H\u00e4r kan du bland annat njuta av kladdkaka, toast eller hembakade belgiska v\u00e5fflor med sylt och vispgr\u00e4dde. Fasta \u00e5rliga datum f\u00f6r caf\u00e9et \u00e4r sista [&hellip;]<\/p>\n","protected":false},"author":8,"featured_media":545,"parent":434,"menu_order":0,"comment_status":"open","ping_status":"closed","template":"","meta":{"_et_pb_use_builder":"on","_et_pb_old_content":"<h2 class=\"p1\">V\u00e5ra \u00f6ppethelger \u00f6ver \u00e5ret<\/h2>\r\n<p class=\"p1\"><span class=\"s1\">N\u00e5gra helger per \u00e5r har vi gl\u00e4djen att \u00f6ppna d\u00f6rrarna till v\u00e5r butik och mysiga caf\u00e9 med hembakt br\u00f6d och ekologiska r\u00e5varor.\u00a0Vi tackar v\u00e5ra h\u00e4rliga kunder f\u00f6r att s\u00e5 m\u00e5nga hittar\u00a0hit, till stor gl\u00e4dje f\u00f6r oss!\u00a0I\u00a0butiken erbjuder vi lokalt hantverk och vackra inredningsartiklar. Ofta har vi ocks\u00e5 en eller flera konstn\u00e4rer som st\u00e4ller ut sina verk. Njut av lantluften och utsikten fr\u00e5n uteverandan under s\u00e4song. Eller sl\u00e5 dig ner och v\u00e4rm dig intill v\u00e5r vedeldade braskamin.<\/span><\/p>\r\nNormalt har vi \u00f6ppet helgerna runt andra och tredje\u00a0advent samt i samband med <a href=\"http:\/\/www.odensala-konst-hantverk.se\" target=\"_blank\" rel=\"noopener noreferrer\">V\u00e5rrundan i Odensala<\/a>,\u00a0vilken i\u00a0\u00e5r\u00a0infaller\u00a0den 28-29 april.\r\n<blockquote>\r\n<p class=\"p1\"><strong><span class=\"s1\">Vi har \u00f6ppet n\u00e4sta g\u00e5ng under V\u00e5rrundan i Odensala, den 28-29 april 2018.\r\n\u00d6ppettiderna \u00e4r mellan\u00a0kl 11-17.\r\nVarmt v\u00e4lkommen!<\/span><\/strong><\/p>\r\n<\/blockquote>\r\n<h2 class=\"p1\">\u00a0<\/h2>\r\n[caption id=\"attachment_699\" align=\"aligncenter\" width=\"300\"]<a href=\"\/wp-content\/uploads\/2015\/04\/IMG_5991.jpg\"><img class=\"size-medium wp-image-699\" src=\"\/wp-content\/uploads\/2015\/04\/IMG_5991-300x225.jpg\" alt=\"Ekologiskt caf\u00e9 - verandan\" width=\"300\" height=\"225\"><\/a> Ekologiskt caf\u00e9 och v\u00e5r p\u00e5 verandan[\/caption]\r\n\r\n\u00a0\r\n\r\n\u00a0\r\n\r\n\u00a0","_et_gb_content_width":"","inline_featured_image":false,"iawp_total_views":2245,"footnotes":""},"class_list":["post-5197","page","type-page","status-publish","has-post-thumbnail","hentry"],"_links":{"self":[{"href":"https:\/\/herrestalada.com\/en\/wp-json\/wp\/v2\/pages\/5197","targetHints":{"allow":["GET"]}}],"collection":[{"href":"https:\/\/herrestalada.com\/en\/wp-json\/wp\/v2\/pages"}],"about":[{"href":"https:\/\/herrestalada.com\/en\/wp-json\/wp\/v2\/types\/page"}],"author":[{"embeddable":true,"href":"https:\/\/herrestalada.com\/en\/wp-json\/wp\/v2\/users\/8"}],"replies":[{"embeddable":true,"href":"https:\/\/herrestalada.com\/en\/wp-json\/wp\/v2\/comments?post=5197"}],"version-history":[{"count":5,"href":"https:\/\/herrestalada.com\/en\/wp-json\/wp\/v2\/pages\/5197\/revisions"}],"predecessor-version":[{"id":5988,"href":"https:\/\/herrestalada.com\/en\/wp-json\/wp\/v2\/pages\/5197\/revisions\/5988"}],"up":[{"embeddable":true,"href":"https:\/\/herrestalada.com\/en\/wp-json\/wp\/v2\/pages\/434"}],"wp:featuredmedia":[{"embeddable":true,"href":"https:\/\/herrestalada.com\/en\/wp-json\/wp\/v2\/media\/545"}],"wp:attachment":[{"href":"https:\/\/herrestalada.com\/en\/wp-json\/wp\/v2\/media?parent=5197"}],"curies":[{"name":"wp","href":"https:\/\/api.w.org\/{rel}","templated":true}]}}