{"id":4667,"date":"2021-05-24T22:53:19","date_gmt":"2021-05-24T20:53:19","guid":{"rendered":"https:\/\/herrestalada.com\/?page_id=4667"},"modified":"2023-12-05T14:18:03","modified_gmt":"2023-12-05T13:18:03","slug":"produkter","status":"publish","type":"page","link":"https:\/\/herrestalada.com\/en\/cafe\/produkter\/","title":{"rendered":"Products all year round"},"content":{"rendered":"<p>[et_pb_section fb_built=&#8221;1&#8243; _builder_version=&#8221;4.16&#8243; use_background_color_gradient=&#8221;on&#8221; background_color_gradient_direction=&#8221;168deg&#8221; background_color_gradient_stops=&#8221;rgba(255,255,255,0.96) 0%|rgba(255,255,255,0.84) 100%&#8221; background_color_gradient_overlays_image=&#8221;on&#8221; background_color_gradient_start=&#8221;rgba(255,255,255,0.96)&#8221; background_color_gradient_end=&#8221;rgba(255,255,255,0.84)&#8221; background_image=&#8221;https:\/\/herrestalada.com\/wp-content\/uploads\/2018\/10\/bg-herresta.svg&#8221; custom_padding=&#8221;27px|0px|12px|0px|false|false&#8221; background_color_gradient_stops_tablet=&#8221;rgba(255,255,255,0.96) 0%|rgba(255,255,255,0.84) 100%&#8221; background_color_gradient_stops_phone=&#8221;rgba(255,255,255,0.96) 0%|rgba(255,255,255,0.84) 100%&#8221; global_module=&#8221;2247&#8243; global_colors_info=&#8221;{}&#8221;][et_pb_row _builder_version=&#8221;4.16&#8243; background_size=&#8221;initial&#8221; background_position=&#8221;top_left&#8221; background_repeat=&#8221;repeat&#8221; global_colors_info=&#8221;{}&#8221;][et_pb_column type=&#8221;4_4&#8243; _builder_version=&#8221;4.16&#8243; custom_padding=&#8221;|||&#8221; global_colors_info=&#8221;{}&#8221; custom_padding__hover=&#8221;|||&#8221;][et_pb_post_title meta=&#8221;off&#8221; featured_image=&#8221;off&#8221; _builder_version=&#8221;4.16&#8243; title_font=&#8221;Montserrat||||||||&#8221; title_font_size=&#8221;36px&#8221; title_line_height=&#8221;1.3em&#8221; global_colors_info=&#8221;{}&#8221;]<\/p>\n<p>&nbsp;<\/p>\n<p>[\/et_pb_post_title][\/et_pb_column][\/et_pb_row][\/et_pb_section][et_pb_section fb_built=&#8221;1&#8243; admin_label=&#8221;Feature 03&#8243; _builder_version=&#8221;4.16&#8243; background_color_gradient_direction=&#8221;-3deg&#8221; custom_padding=&#8221;0px||130px|||&#8221; global_colors_info=&#8221;{}&#8221;][et_pb_row _builder_version=&#8221;4.16&#8243; background_size=&#8221;initial&#8221; background_position=&#8221;top_left&#8221; background_repeat=&#8221;repeat&#8221; global_colors_info=&#8221;{}&#8221;][et_pb_column type=&#8221;4_4&#8243; _builder_version=&#8221;4.16&#8243; custom_padding=&#8221;|||&#8221; global_colors_info=&#8221;{}&#8221; custom_padding__hover=&#8221;|||&#8221;][et_pb_image src=&#8221;https:\/\/herrestalada.com\/wp-content\/uploads\/2021\/05\/26BCFAC2-B85C-44ED-B516-3709CE76E02C.jpeg&#8221; title_text=&#8221;Ekfat till v\u00e4xter eller vatten&#8221; align_tablet=&#8221;center&#8221; align_phone=&#8221;&#8221; align_last_edited=&#8221;on|desktop&#8221; _builder_version=&#8221;4.16&#8243; global_colors_info=&#8221;{}&#8221;][\/et_pb_image][et_pb_text admin_label=&#8221;Text&#8221; _builder_version=&#8221;4.16&#8243; background_size=&#8221;initial&#8221; background_position=&#8221;top_left&#8221; background_repeat=&#8221;repeat&#8221; global_colors_info=&#8221;{}&#8221;]<\/p>\n<p>&nbsp;<\/p>\n<p>H\u00e4r kommer snart mer info och bilder om produkter vi s\u00e4ljer till h\u00e4mtpris hos oss!<\/p>\n<p>Huvudprodukter vi \u00e4r stolta att kunna erbjuda \u00e4r:<\/p>\n<ul>\n<li>V\u00e5r egen honung<\/li>\n<li>V\u00e5r egen aroniasylt (superb\u00e4ret aronia som \u00e4r nyttigare \u00e4n bl\u00e5b\u00e4r)<\/li>\n<li style=\"font-size: 15px;\">F\u00e5gelholkar f\u00f6r olika arter, stora som sm\u00e5. \u00c4ven fladdermusholkar!<\/li>\n<li>Ekfat i olika storlekar, b\u00e5de nytillverkade i vacker ek och begagnade vintunnor som renoverats <span style=\"font-size: 15px; background-color: #ffffff;\">(se bild) <\/span>. Faten \u00e4r svensktillverkade av mycket god kvalitet, med en h\u00e5llbarhet p\u00e5 20-25 \u00e5r. Fantastiskt vackra f\u00f6r tr\u00e4d, buskar, v\u00e4xter och blommor. Eller som en prydande vattentunna vid husknuten.<\/li>\n<\/ul>\n<p>[\/et_pb_text][\/et_pb_column][\/et_pb_row][\/et_pb_section][et_pb_section fb_built=&#8221;1&#8243; _builder_version=&#8221;4.16&#8243; use_background_color_gradient=&#8221;on&#8221; background_color_gradient_direction=&#8221;90deg&#8221; background_color_gradient_stops=&#8221;#ffffff 0%|rgba(255,255,255,0.85) 100%&#8221; background_color_gradient_start=&#8221;#ffffff&#8221; background_color_gradient_end=&#8221;rgba(255,255,255,0.85)&#8221; background_image=&#8221;https:\/\/herrestalada.com\/wp-content\/uploads\/2018\/10\/DSC_1773_1.jpg&#8221; background_blend=&#8221;overlay&#8221; background_color_gradient_stops_tablet=&#8221;#ffffff 0%|rgba(255,255,255,0.85) 100%&#8221; background_color_gradient_stops_phone=&#8221;#ffffff 0%|rgba(255,255,255,0.85) 100%&#8221; global_module=&#8221;2538&#8243; global_colors_info=&#8221;{}&#8221;][et_pb_row column_structure=&#8221;1_2,1_2&#8243; _builder_version=&#8221;4.16&#8243; background_size=&#8221;initial&#8221; background_position=&#8221;top_left&#8221; background_repeat=&#8221;repeat&#8221; global_colors_info=&#8221;{}&#8221;][et_pb_column type=&#8221;1_2&#8243; _builder_version=&#8221;4.16&#8243; _module_preset=&#8221;default&#8221; global_colors_info=&#8221;{}&#8221;][et_pb_text _builder_version=&#8221;4.16&#8243; global_colors_info=&#8221;{}&#8221;]<\/p>\n<h3 class=\"newsletter-button\">Ta del av vad som \u00e4r p\u00e5 g\u00e5ng p\u00e5 Herresta Lada<\/h3>\n<p><!-- Begin Mailchimp Signup Form -->\n\t<link href=\"\/wp-content\/themes\/WeThink\/slim-10_7.css\" rel=\"stylesheet\" type=\"text\/css\">\n<style type=\"text\/css\">\n\t\/* Add your own Mailchimp form style overrides in your site stylesheet or in this style block.\n\t   We recommend moving this block and the preceding CSS link to the HEAD of your HTML file. *\/\n<\/style>\n<div id=\"mc_embed_signup\">\n<form action=\"https:\/\/herrestalada.us11.list-manage.com\/subscribe\/post?u=081a38e5b5a297743db1c777a&amp;id=572b48304b\" method=\"post\" id=\"mc-embedded-subscribe-form\" name=\"mc-embedded-subscribe-form\" class=\"validate\" target=\"_blank\" novalidate=\"novalidate\">\n<div id=\"mc_embed_signup_scroll\">\n\t<label for=\"mce-EMAIL\">F\u00e5 de senaste nyheterna fr\u00e5n Herresta Lada<\/label><br \/>\n<input type=\"email\" value=\"\" name=\"EMAIL\" class=\"email\" id=\"mce-EMAIL\" placeholder=\"e-postadress\" required=\"\" aria-required=\"true\"><br \/>\n<!-- real people should not fill this in and expect good things - do not remove this or risk form bot signups--><\/p>\n<div style=\"position: absolute; left: -5000px;\" aria-hidden=\"true\"><input type=\"text\" name=\"b_081a38e5b5a297743db1c777a_572b48304b\" tabindex=\"-1\" value=\"\"><\/div>\n<div class=\"clear\"><input type=\"submit\" value=\"Prenumerera\" name=\"subscribe\" id=\"mc-embedded-subscribe\" class=\"button\"><\/div>\n<\/div>\n<\/form>\n<\/div>\n<p><!--End mc_embed_signup-->[\/et_pb_text][\/et_pb_column][et_pb_column type=&#8221;1_2&#8243; _builder_version=&#8221;4.16&#8243; custom_padding=&#8221;|||&#8221; global_colors_info=&#8221;{}&#8221; custom_padding__hover=&#8221;|||&#8221;][\/et_pb_column][\/et_pb_row][\/et_pb_section]<\/p>\n","protected":false},"excerpt":{"rendered":"<p>&nbsp;&nbsp; H\u00e4r kommer snart mer info och bilder om produkter vi s\u00e4ljer till h\u00e4mtpris hos oss! Huvudprodukter vi \u00e4r stolta att kunna erbjuda \u00e4r: V\u00e5r egen honung V\u00e5r egen aroniasylt (superb\u00e4ret aronia som \u00e4r nyttigare \u00e4n bl\u00e5b\u00e4r) F\u00e5gelholkar f\u00f6r olika arter, stora som sm\u00e5. \u00c4ven fladdermusholkar! Ekfat i olika storlekar, b\u00e5de nytillverkade i vacker ek [&hellip;]<\/p>\n","protected":false},"author":9,"featured_media":545,"parent":434,"menu_order":0,"comment_status":"open","ping_status":"closed","template":"","meta":{"_et_pb_use_builder":"on","_et_pb_old_content":"<h2 class=\"p1\">V\u00e5ra \u00f6ppethelger \u00f6ver \u00e5ret<\/h2>\r\n<p class=\"p1\"><span class=\"s1\">N\u00e5gra helger per \u00e5r har vi gl\u00e4djen att \u00f6ppna d\u00f6rrarna till v\u00e5r butik och mysiga caf\u00e9 med hembakt br\u00f6d och ekologiska r\u00e5varor.\u00a0Vi tackar v\u00e5ra h\u00e4rliga kunder f\u00f6r att s\u00e5 m\u00e5nga hittar\u00a0hit, till stor gl\u00e4dje f\u00f6r oss!\u00a0I\u00a0butiken erbjuder vi lokalt hantverk och vackra inredningsartiklar. Ofta har vi ocks\u00e5 en eller flera konstn\u00e4rer som st\u00e4ller ut sina verk. Njut av lantluften och utsikten fr\u00e5n uteverandan under s\u00e4song. Eller sl\u00e5 dig ner och v\u00e4rm dig intill v\u00e5r vedeldade braskamin.<\/span><\/p>\r\nNormalt har vi \u00f6ppet helgerna runt andra och tredje\u00a0advent samt i samband med <a href=\"http:\/\/www.odensala-konst-hantverk.se\" target=\"_blank\" rel=\"noopener noreferrer\">V\u00e5rrundan i Odensala<\/a>,\u00a0vilken i\u00a0\u00e5r\u00a0infaller\u00a0den 28-29 april.\r\n<blockquote>\r\n<p class=\"p1\"><strong><span class=\"s1\">Vi har \u00f6ppet n\u00e4sta g\u00e5ng under V\u00e5rrundan i Odensala, den 28-29 april 2018.\r\n\u00d6ppettiderna \u00e4r mellan\u00a0kl 11-17.\r\nVarmt v\u00e4lkommen!<\/span><\/strong><\/p>\r\n<\/blockquote>\r\n<h2 class=\"p1\">\u00a0<\/h2>\r\n[caption id=\"attachment_699\" align=\"aligncenter\" width=\"300\"]<a href=\"\/wp-content\/uploads\/2015\/04\/IMG_5991.jpg\"><img class=\"size-medium wp-image-699\" src=\"\/wp-content\/uploads\/2015\/04\/IMG_5991-300x225.jpg\" alt=\"Ekologiskt caf\u00e9 - verandan\" width=\"300\" height=\"225\"><\/a> Ekologiskt caf\u00e9 och v\u00e5r p\u00e5 verandan[\/caption]\r\n\r\n\u00a0\r\n\r\n\u00a0\r\n\r\n\u00a0","_et_gb_content_width":"","inline_featured_image":false,"iawp_total_views":452,"footnotes":""},"class_list":["post-4667","page","type-page","status-publish","has-post-thumbnail","hentry"],"_links":{"self":[{"href":"https:\/\/herrestalada.com\/en\/wp-json\/wp\/v2\/pages\/4667","targetHints":{"allow":["GET"]}}],"collection":[{"href":"https:\/\/herrestalada.com\/en\/wp-json\/wp\/v2\/pages"}],"about":[{"href":"https:\/\/herrestalada.com\/en\/wp-json\/wp\/v2\/types\/page"}],"author":[{"embeddable":true,"href":"https:\/\/herrestalada.com\/en\/wp-json\/wp\/v2\/users\/9"}],"replies":[{"embeddable":true,"href":"https:\/\/herrestalada.com\/en\/wp-json\/wp\/v2\/comments?post=4667"}],"version-history":[{"count":5,"href":"https:\/\/herrestalada.com\/en\/wp-json\/wp\/v2\/pages\/4667\/revisions"}],"predecessor-version":[{"id":5225,"href":"https:\/\/herrestalada.com\/en\/wp-json\/wp\/v2\/pages\/4667\/revisions\/5225"}],"up":[{"embeddable":true,"href":"https:\/\/herrestalada.com\/en\/wp-json\/wp\/v2\/pages\/434"}],"wp:featuredmedia":[{"embeddable":true,"href":"https:\/\/herrestalada.com\/en\/wp-json\/wp\/v2\/media\/545"}],"wp:attachment":[{"href":"https:\/\/herrestalada.com\/en\/wp-json\/wp\/v2\/media?parent=4667"}],"curies":[{"name":"wp","href":"https:\/\/api.w.org\/{rel}","templated":true}]}}