{"id":404,"date":"2015-03-28T15:51:43","date_gmt":"2015-03-28T14:51:43","guid":{"rendered":"\/herrestalada\/?page_id=404"},"modified":"2024-01-22T10:19:46","modified_gmt":"2024-01-22T09:19:46","slug":"kund-och-foretagsevent","status":"publish","type":"page","link":"https:\/\/herrestalada.com\/en\/konferens-och-kurslokaler\/kund-och-foretagsevent\/","title":{"rendered":"\u00d6verraska med ett annorlunda f\u00f6retagsevent p\u00e5 landet"},"content":{"rendered":"<p>[et_pb_section fb_built=&#8221;1&#8243; _builder_version=&#8221;4.16&#8243; use_background_color_gradient=&#8221;on&#8221; background_color_gradient_direction=&#8221;168deg&#8221; background_color_gradient_stops=&#8221;rgba(255,255,255,0.96) 0%|rgba(255,255,255,0.84) 100%&#8221; background_color_gradient_overlays_image=&#8221;on&#8221; background_color_gradient_start=&#8221;rgba(255,255,255,0.96)&#8221; background_color_gradient_end=&#8221;rgba(255,255,255,0.84)&#8221; background_image=&#8221;https:\/\/herrestalada.com\/wp-content\/uploads\/2018\/10\/bg-herresta.svg&#8221; custom_padding=&#8221;27px|0px|12px|0px|false|false&#8221; background_color_gradient_stops_tablet=&#8221;rgba(255,255,255,0.96) 0%|rgba(255,255,255,0.84) 100%&#8221; background_color_gradient_stops_phone=&#8221;rgba(255,255,255,0.96) 0%|rgba(255,255,255,0.84) 100%&#8221; global_module=&#8221;2247&#8243; global_colors_info=&#8221;{}&#8221;][et_pb_row _builder_version=&#8221;4.16&#8243; background_size=&#8221;initial&#8221; background_position=&#8221;top_left&#8221; background_repeat=&#8221;repeat&#8221; global_colors_info=&#8221;{}&#8221;][et_pb_column type=&#8221;4_4&#8243; _builder_version=&#8221;4.16&#8243; custom_padding=&#8221;|||&#8221; global_colors_info=&#8221;{}&#8221; custom_padding__hover=&#8221;|||&#8221;][et_pb_post_title meta=&#8221;off&#8221; featured_image=&#8221;off&#8221; _builder_version=&#8221;4.23.1&#8243; title_font=&#8221;Montserrat||||||||&#8221; title_font_size=&#8221;36px&#8221; title_line_height=&#8221;1.3em&#8221; global_colors_info=&#8221;{}&#8221;]<\/p>\n<p>&nbsp;<\/p>\n<p>[\/et_pb_post_title][\/et_pb_column][\/et_pb_row][\/et_pb_section][et_pb_section fb_built=&#8221;1&#8243; _builder_version=&#8221;4.16&#8243; custom_padding=&#8221;0|0px|54px|0px|false|false&#8221; global_colors_info=&#8221;{}&#8221;][et_pb_row _builder_version=&#8221;4.16&#8243; background_size=&#8221;initial&#8221; background_position=&#8221;top_left&#8221; background_repeat=&#8221;repeat&#8221; global_colors_info=&#8221;{}&#8221;][et_pb_column type=&#8221;4_4&#8243; _builder_version=&#8221;4.16&#8243; custom_padding=&#8221;|||&#8221; global_colors_info=&#8221;{}&#8221; custom_padding__hover=&#8221;|||&#8221;][et_pb_image src=&#8221;https:\/\/herrestalada.com\/wp-content\/uploads\/2019\/08\/IMG_3567.jpg&#8221; title_text=&#8221;Sk\u00e5la i vacker milj\u00f6 &#8211; p\u00e5 landet n\u00e4ra staden&#8221; align_tablet=&#8221;center&#8221; align_phone=&#8221;&#8221; align_last_edited=&#8221;on|desktop&#8221; _builder_version=&#8221;4.16&#8243; global_colors_info=&#8221;{}&#8221;][\/et_pb_image][et_pb_text _builder_version=&#8221;4.23.1&#8243; background_size=&#8221;initial&#8221; background_position=&#8221;top_left&#8221; background_repeat=&#8221;repeat&#8221; max_width=&#8221;800px&#8221; global_colors_info=&#8221;{}&#8221;]<\/p>\n<p>Herresta Lada \u00e4r den vackra och inbjudande m\u00f6tesplatsen f\u00f6r att arrangera ett kundevent, g\u00f6ra en produktlansering, fira ett jubileum, arrangera en minim\u00e4ssa eller visa ett showroom. Den klassiskt lantliga och samtidigt fr\u00e4scha milj\u00f6n g\u00f6r ditt event attraktivt, sp\u00e4nnande och annorlunda.<\/p>\n<p>Herresta Lada ligger n\u00e4ra Arlanda och bara en kort bit fr\u00e5n E4 mellan Stockholm och Uppsala \u2013 p\u00e5 landet n\u00e4ra staden. Platsen \u00e4r vacker, lugn och avskild samtidigt som den \u00e4r v\u00e4l anpassad f\u00f6r olika typer av event. H\u00e4r finns fest- och konferenslokaler, mingelytor och utst\u00e4llningsplatser. Allt med en fantastisk omgivning och utsikt p\u00e5 k\u00f6pet. M\u00f6jligheter finns att vistas s\u00e5v\u00e4l inomhus som utomhus, ost\u00f6rt utan andra g\u00e4ster. H\u00e4r finns goda parkeringsm\u00f6jligheter i direkt anslutning till platsen.<\/p>\n<p>Kom g\u00e4rna och bes\u00f6k oss f\u00f6r att sj\u00e4lv se platsen och dess m\u00f6jligheter. F\u00f6r mer information kontakta Tord Olsson, tel. 070-201 14 30 eller e-post <a href=\"mailto:tord@herrestalada.com\">tord@herrestalada.com.<\/a><\/p>\n<p>[\/et_pb_text][\/et_pb_column][\/et_pb_row][\/et_pb_section][et_pb_section fb_built=&#8221;1&#8243; module_id=&#8221;bokningsforfragan&#8221; module_class=&#8221;bokningsforfragan&#8221; _builder_version=&#8221;4.23.1&#8243; _module_preset=&#8221;default&#8221; global_colors_info=&#8221;{}&#8221; locked=&#8221;off&#8221;][et_pb_row custom_padding_last_edited=&#8221;on|phone&#8221; _builder_version=&#8221;4.23.1&#8243; _module_preset=&#8221;default&#8221; background_color=&#8221;#ffddd3&#8243; width_tablet=&#8221;&#8221; width_phone=&#8221;100%&#8221; width_last_edited=&#8221;on|tablet&#8221; max_width=&#8221;750px&#8221; max_width_tablet=&#8221;750px&#8221; max_width_phone=&#8221;750px&#8221; max_width_last_edited=&#8221;on|phone&#8221; custom_margin=&#8221;||||false|false&#8221; custom_margin_tablet=&#8221;||||false|false&#8221; custom_margin_phone=&#8221;||||false|false&#8221; custom_margin_last_edited=&#8221;on|desktop&#8221; custom_padding=&#8221;20px|50px|20px|50px|true|true&#8221; custom_padding_tablet=&#8221;20px|50px|20px|50px|true|true&#8221; custom_padding_phone=&#8221;20px|20px|20px|20px|true|true&#8221; global_colors_info=&#8221;{}&#8221;][et_pb_column type=&#8221;4_4&#8243; _builder_version=&#8221;4.23.1&#8243; _module_preset=&#8221;default&#8221; global_colors_info=&#8221;{}&#8221;][et_pb_text _builder_version=&#8221;4.23.4&#8243; _module_preset=&#8221;default&#8221; hover_enabled=&#8221;0&#8243; global_colors_info=&#8221;{}&#8221; sticky_enabled=&#8221;0&#8243;]<\/p>\n<h2>Bokningsf\u00f6rfr\u00e5gan<a href=\"mailto:info@herrestalada.com\"><\/a><\/h2>\n<p>[\/et_pb_text][wpforms_selector form_id=&#8221;5459&#8243; _builder_version=&#8221;4.23.4&#8243; _module_preset=&#8221;default&#8221; hover_enabled=&#8221;0&#8243; global_module=&#8221;5246&#8243; saved_tabs=&#8221;all&#8221; locked=&#8221;off&#8221; global_colors_info=&#8221;{}&#8221; sticky_enabled=&#8221;0&#8243;][\/wpforms_selector][\/et_pb_column][\/et_pb_row][\/et_pb_section][et_pb_section fb_built=&#8221;1&#8243; _builder_version=&#8221;4.16&#8243; use_background_color_gradient=&#8221;on&#8221; background_color_gradient_direction=&#8221;90deg&#8221; background_color_gradient_stops=&#8221;#ffffff 0%|rgba(255,255,255,0.85) 100%&#8221; background_color_gradient_start=&#8221;#ffffff&#8221; background_color_gradient_end=&#8221;rgba(255,255,255,0.85)&#8221; background_image=&#8221;https:\/\/herrestalada.com\/wp-content\/uploads\/2018\/10\/DSC_1773_1.jpg&#8221; background_blend=&#8221;overlay&#8221; background_color_gradient_stops_tablet=&#8221;#ffffff 0%|rgba(255,255,255,0.85) 100%&#8221; background_color_gradient_stops_phone=&#8221;#ffffff 0%|rgba(255,255,255,0.85) 100%&#8221; global_module=&#8221;2538&#8243; global_colors_info=&#8221;{}&#8221;][et_pb_row column_structure=&#8221;1_2,1_2&#8243; _builder_version=&#8221;4.16&#8243; background_size=&#8221;initial&#8221; background_position=&#8221;top_left&#8221; background_repeat=&#8221;repeat&#8221; global_colors_info=&#8221;{}&#8221;][et_pb_column type=&#8221;1_2&#8243; _builder_version=&#8221;4.16&#8243; _module_preset=&#8221;default&#8221; global_colors_info=&#8221;{}&#8221;][et_pb_text _builder_version=&#8221;4.23.1&#8243; header_3_line_height=&#8221;1.5em&#8221; global_colors_info=&#8221;{}&#8221;]<\/p>\n<h3 class=\"newsletter-button\">Ta del av vad som \u00e4r p\u00e5 g\u00e5ng p\u00e5 Herresta Lada<\/h3>\n<p><!-- Begin Mailchimp Signup Form --><\/p>\n<div id=\"mc_embed_signup\">\n<form action=\"https:\/\/herrestalada.us11.list-manage.com\/subscribe\/post?u=081a38e5b5a297743db1c777a&amp;id=572b48304b\" method=\"post\" id=\"mc-embedded-subscribe-form\" name=\"mc-embedded-subscribe-form\" class=\"validate\" target=\"_blank\" novalidate=\"novalidate\">\n<div id=\"mc_embed_signup_scroll\">\n<p><label for=\"mce-EMAIL\">F\u00e5 de senaste nyheterna fr\u00e5n Herresta Lada<\/label><br \/><input type=\"email\" value=\"\" name=\"EMAIL\" class=\"email\" id=\"mce-EMAIL\" placeholder=\"e-postadress\" required=\"\" aria-required=\"true\" \/><br \/><!-- real people should not fill this in and expect good things - do not remove this or risk form bot signups--><\/p>\n<p>&nbsp;<\/p>\n<div style=\"position: absolute; left: -5000px;\" aria-hidden=\"true\"><input type=\"text\" name=\"b_081a38e5b5a297743db1c777a_572b48304b\" tabindex=\"-1\" value=\"\" \/><\/div>\n<div class=\"clear\"><input type=\"submit\" value=\"Prenumerera\" name=\"subscribe\" id=\"mc-embedded-subscribe\" class=\"button\" \/><\/div>\n<\/div>\n<\/form>\n<\/div>\n<p><!--End mc_embed_signup--><\/p>\n<p>[\/et_pb_text][\/et_pb_column][et_pb_column type=&#8221;1_2&#8243; _builder_version=&#8221;4.16&#8243; custom_padding=&#8221;|||&#8221; global_colors_info=&#8221;{}&#8221; custom_padding__hover=&#8221;|||&#8221;][\/et_pb_column][\/et_pb_row][\/et_pb_section]<\/p>\n","protected":false},"excerpt":{"rendered":"<p>&nbsp;Herresta Lada \u00e4r den vackra och inbjudande m\u00f6tesplatsen f\u00f6r att arrangera ett kundevent, g\u00f6ra en produktlansering, fira ett jubileum, arrangera en minim\u00e4ssa eller visa ett showroom. Den klassiskt lantliga och samtidigt fr\u00e4scha milj\u00f6n g\u00f6r ditt event attraktivt, sp\u00e4nnande och annorlunda. Herresta Lada ligger n\u00e4ra Arlanda och bara en kort bit fr\u00e5n E4 mellan Stockholm och [&hellip;]<\/p>\n","protected":false},"author":1,"featured_media":551,"parent":19,"menu_order":0,"comment_status":"open","ping_status":"open","template":"","meta":{"_et_pb_use_builder":"on","_et_pb_old_content":"Herresta Lada \u00e4r den perfekta platsen f\u00f6r att arrangera ditt <span style=\"color: #000000;\">kundevent<\/span>, g\u00f6ra en produktlansering, tr\u00e4ffa dina kunder, leverant\u00f6rer eller samarbetspartners, fira ett jubileum, ha en roadshow eller arrangera en minim\u00e4ssa.\r\n[sc:Kontaktyta]\r\n<a href=\"\/wp-content\/uploads\/2015\/03\/K19GV8GM_q100_w670_mFile_cmOnlyScaleDown_radius10_colorWhite.jpg\"><img class=\" size-medium wp-image-553 alignright\" src=\"\/wp-content\/uploads\/2015\/03\/K19GV8GM_q100_w670_mFile_cmOnlyScaleDown_radius10_colorWhite-300x200.jpg\" alt=\"K19GV8GM_q100_w670_mFile_cmOnlyScaleDown_radius10_colorWhite\" width=\"300\" height=\"200\" \/><\/a>\r\n\r\nDen klassiskt lantliga men samtidigt fr\u00e4scha milj\u00f6n g\u00f6r ditt event attraktivt, sp\u00e4nnande och annorlunda. Herresta Lada ligger n\u00e4ra Arlanda och bara en kort bit fr\u00e5n E4 mellan Stockholm och Uppsala - p\u00e5 landet n\u00e4ra staden. Platsen \u00e4r vacker, lugn och avskild samtidigt som den \u00e4r v\u00e4l anpassad f\u00f6r olika typer av event. H\u00e4r finns fest- och konferenslokaler, mingelytor, utst\u00e4llningsplatser och p-platser. M\u00f6jligheter finns att vara s\u00e5v\u00e4l inomhus som utomhus, ost\u00f6rt utan andra g\u00e4ster.\r\n\r\nKom g\u00e4rna och bes\u00f6k oss f\u00f6r att sj\u00e4lv se platsen och dess m\u00f6jligheter.\r\n\r\n<hr id=\"form-target\" \/>\r\n\r\n<h3>Skicka f\u00f6rfr\u00e5gan<\/h3>\r\n[contact-form-7 id=\"1034\" title=\"Konferens\"]\r\n\r\n\u00a0","_et_gb_content_width":"","inline_featured_image":false,"iawp_total_views":200,"footnotes":""},"class_list":["post-404","page","type-page","status-publish","has-post-thumbnail","hentry"],"_links":{"self":[{"href":"https:\/\/herrestalada.com\/en\/wp-json\/wp\/v2\/pages\/404","targetHints":{"allow":["GET"]}}],"collection":[{"href":"https:\/\/herrestalada.com\/en\/wp-json\/wp\/v2\/pages"}],"about":[{"href":"https:\/\/herrestalada.com\/en\/wp-json\/wp\/v2\/types\/page"}],"author":[{"embeddable":true,"href":"https:\/\/herrestalada.com\/en\/wp-json\/wp\/v2\/users\/1"}],"replies":[{"embeddable":true,"href":"https:\/\/herrestalada.com\/en\/wp-json\/wp\/v2\/comments?post=404"}],"version-history":[{"count":5,"href":"https:\/\/herrestalada.com\/en\/wp-json\/wp\/v2\/pages\/404\/revisions"}],"predecessor-version":[{"id":5470,"href":"https:\/\/herrestalada.com\/en\/wp-json\/wp\/v2\/pages\/404\/revisions\/5470"}],"up":[{"embeddable":true,"href":"https:\/\/herrestalada.com\/en\/wp-json\/wp\/v2\/pages\/19"}],"wp:featuredmedia":[{"embeddable":true,"href":"https:\/\/herrestalada.com\/en\/wp-json\/wp\/v2\/media\/551"}],"wp:attachment":[{"href":"https:\/\/herrestalada.com\/en\/wp-json\/wp\/v2\/media?parent=404"}],"curies":[{"name":"wp","href":"https:\/\/api.w.org\/{rel}","templated":true}]}}