{"id":4033,"date":"2021-01-13T15:42:11","date_gmt":"2021-01-13T14:42:11","guid":{"rendered":"https:\/\/herrestalada.com\/?page_id=4033"},"modified":"2024-08-26T09:19:23","modified_gmt":"2024-08-26T07:19:23","slug":"filmmiljo","status":"publish","type":"page","link":"https:\/\/herrestalada.com\/en\/konferens-och-kurslokaler\/filmmiljo\/","title":{"rendered":"Filming Location"},"content":{"rendered":"<p>[et_pb_section fb_built=&#8221;1&#8243; admin_label=&#8221;Hero Section&#8221; _builder_version=&#8221;4.27.0&#8243; use_background_color_gradient=&#8221;on&#8221; background_color_gradient_direction=&#8221;3deg&#8221; background_color_gradient_stops=&#8221;#ffffff 12%|rgba(0,0,0,0.2) 12%&#8221; background_color_gradient_overlays_image=&#8221;on&#8221; background_color_gradient_start=&#8221;#ffffff&#8221; background_color_gradient_start_position=&#8221;12%&#8221; background_color_gradient_end=&#8221;rgba(0,0,0,0.4)&#8221; background_color_gradient_end_position=&#8221;12%&#8221; background_image=&#8221;https:\/\/herrestalada.com\/wp-content\/uploads\/2021\/01\/1383732_558946940858546_1320030518_n.jpg&#8221; background_position=&#8221;center_right&#8221; custom_padding=&#8221;10%||10%||true|false&#8221; hover_enabled=&#8221;0&#8243; locked=&#8221;off&#8221; global_colors_info=&#8221;{}&#8221; sticky_enabled=&#8221;0&#8243;][et_pb_row admin_label=&#8221;Page Title Area&#8221; _builder_version=&#8221;4.16&#8243; hover_enabled=&#8221;0&#8243; global_colors_info=&#8221;{}&#8221; sticky_enabled=&#8221;0&#8243;][et_pb_column type=&#8221;4_4&#8243; _builder_version=&#8221;4.16&#8243; custom_padding=&#8221;|||&#8221; global_colors_info=&#8221;{}&#8221; custom_padding__hover=&#8221;|||&#8221;][et_pb_text content_tablet=&#8221;<\/p>\n<h1>Filminspelningsplats i klassiskt lantlig milj\u00f6<\/h1>\n<\/p>\n<p>&#8221; content_phone=&#8221;<\/p>\n<h1>Filminspelnings-plats i klassiskt lantlig milj\u00f6<\/h1>\n<\/p>\n<p>&#8221; content_last_edited=&#8221;on|phone&#8221; admin_label=&#8221;Hero Section Title&#8221; _builder_version=&#8221;4.27.0&#8243; text_font=&#8221;Montserrat||||||||&#8221; text_font_size=&#8221;20px&#8221; text_line_height=&#8221;1.8em&#8221; header_font=&#8221;Montserrat|600||on|||||&#8221; header_font_size=&#8221;48px&#8221; header_letter_spacing=&#8221;3px&#8221; header_line_height=&#8221;1.3em&#8221; header_2_font=&#8221;Montserrat|700|||||||&#8221; header_2_text_color=&#8221;rgba(255,255,255,0.6)&#8221; header_2_font_size=&#8221;90px&#8221; header_2_letter_spacing=&#8221;3px&#8221; header_2_line_height=&#8221;1.1em&#8221; text_orientation=&#8221;center&#8221; background_layout=&#8221;dark&#8221; max_width=&#8221;90%&#8221; max_width_tablet=&#8221;90%&#8221; max_width_phone=&#8221;100%&#8221; max_width_last_edited=&#8221;on|tablet&#8221; module_alignment=&#8221;center&#8221; custom_margin=&#8221;|||&#8221; custom_padding_tablet=&#8221;&#8221; custom_padding_phone=&#8221;&#8221; custom_padding_last_edited=&#8221;on|phone&#8221; animation_style=&#8221;fade&#8221; animation_direction=&#8221;bottom&#8221; hover_enabled=&#8221;0&#8243; header_font_size_tablet=&#8221;35px&#8221; header_font_size_phone=&#8221;25px&#8221; header_font_size_last_edited=&#8221;on|phone&#8221; header_2_font_size_tablet=&#8221;&#8221; header_2_font_size_phone=&#8221;50px&#8221; header_2_font_size_last_edited=&#8221;on|phone&#8221; global_colors_info=&#8221;{}&#8221; sticky_enabled=&#8221;0&#8243;]<\/p>\n<h1>Filminspelningsplats i klassiskt lantlig milj\u00f6<\/h1>\n<p>&nbsp;<\/p>\n<p>[\/et_pb_text][\/et_pb_column][\/et_pb_row][\/et_pb_section][et_pb_section fb_built=&#8221;1&#8243; _builder_version=&#8221;4.16&#8243; use_background_color_gradient=&#8221;on&#8221; background_color_gradient_direction=&#8221;168deg&#8221; background_color_gradient_stops=&#8221;rgba(255,255,255,0.96) 0%|rgba(255,255,255,0.84) 100%&#8221; background_color_gradient_overlays_image=&#8221;on&#8221; background_color_gradient_start=&#8221;rgba(255,255,255,0.96)&#8221; background_color_gradient_end=&#8221;rgba(255,255,255,0.84)&#8221; background_image=&#8221;https:\/\/herrestalada.com\/wp-content\/uploads\/2018\/10\/bg-herresta.svg&#8221; custom_padding=&#8221;27px|0px|12px|0px|false|false&#8221; background_color_gradient_stops_tablet=&#8221;rgba(255,255,255,0.96) 0%|rgba(255,255,255,0.84) 100%&#8221; background_color_gradient_stops_phone=&#8221;rgba(255,255,255,0.96) 0%|rgba(255,255,255,0.84) 100%&#8221; global_module=&#8221;2247&#8243; global_colors_info=&#8221;{}&#8221;][et_pb_row _builder_version=&#8221;4.16&#8243; background_size=&#8221;initial&#8221; background_position=&#8221;top_left&#8221; background_repeat=&#8221;repeat&#8221; global_colors_info=&#8221;{}&#8221;][et_pb_column type=&#8221;4_4&#8243; _builder_version=&#8221;4.16&#8243; custom_padding=&#8221;|||&#8221; global_colors_info=&#8221;{}&#8221; custom_padding__hover=&#8221;|||&#8221;][et_pb_post_title meta=&#8221;off&#8221; featured_image=&#8221;off&#8221; _builder_version=&#8221;4.27.0&#8243; title_font=&#8221;Montserrat||||||||&#8221; title_font_size=&#8221;36px&#8221; title_line_height=&#8221;1.3em&#8221; global_colors_info=&#8221;{}&#8221;]<\/p>\n<p>&nbsp;<\/p>\n<p>[\/et_pb_post_title][\/et_pb_column][\/et_pb_row][\/et_pb_section][et_pb_section fb_built=&#8221;1&#8243; _builder_version=&#8221;4.27.0&#8243; custom_padding=&#8221;0|0px|0px|0px|false|false&#8221; global_colors_info=&#8221;{}&#8221;][et_pb_row column_structure=&#8221;3_5,2_5&#8243; _builder_version=&#8221;4.16&#8243; background_size=&#8221;initial&#8221; background_position=&#8221;top_left&#8221; background_repeat=&#8221;repeat&#8221; global_colors_info=&#8221;{}&#8221;][et_pb_column type=&#8221;3_5&#8243; _builder_version=&#8221;4.16&#8243; custom_padding=&#8221;|||&#8221; global_colors_info=&#8221;{}&#8221; custom_padding__hover=&#8221;|||&#8221;][et_pb_text _builder_version=&#8221;4.27.0&#8243; background_size=&#8221;initial&#8221; background_position=&#8221;top_left&#8221; background_repeat=&#8221;repeat&#8221; global_colors_info=&#8221;{}&#8221;]<\/p>\n<p>Genom sitt lugna och ost\u00f6rda l\u00e4ge i kombination med god tillg\u00e4nglighet och vacker milj\u00f6 har Herresta Lada anv\u00e4nts och uppskattats f\u00f6r flera olika film- och fotoaktiviteter.<\/p>\n<p>Olika TV-produktionsbolag har bokat in sig f\u00f6r filminspelningar och reklambolag har hittat perfekta milj\u00f6er f\u00f6r fotografering och inspelning av reklamfilm i olika syften.<\/p>\n<p>L\u00e4s mer om respektive m\u00f6jligheter nedan.<\/p>\n<p>Varmt v\u00e4lkommen att bes\u00f6ka eller kontakta oss f\u00f6r att utforska m\u00f6jligheterna h\u00e4r p\u00e5 Herresta Lada!<\/p>\n<p>[\/et_pb_text][et_pb_text _builder_version=&#8221;4.27.0&#8243; _module_preset=&#8221;default&#8221; global_colors_info=&#8221;{}&#8221;]<\/p>\n<h4>Kontaktperson: Tord Olsson, tel 070-201 14 30<\/h4>\n<h4>eller<span>\u00a0<\/span><a href=\"mailto:tord@herrestalada.com\">tord@herrestalada.com<\/a>.<\/h4>\n<p>[\/et_pb_text][et_pb_text _builder_version=&#8221;4.27.0&#8243; _module_preset=&#8221;default&#8221; global_colors_info=&#8221;{}&#8221;]<\/p>\n<h4>L\u00e4s mer om<\/h4>\n<ul>\n<li><a href=\"#filminspelning\">Filminspelning<\/a><\/li>\n<li><a href=\"#reklamfoto\">Reklamfoto<\/a><\/li>\n<\/ul>\n<p>[\/et_pb_text][et_pb_button button_url=&#8221;#intresseforfragan&#8221; button_text=&#8221;Intressef\u00f6rfr\u00e5gan&#8221; _builder_version=&#8221;4.27.0&#8243; _module_preset=&#8221;default&#8221; custom_button=&#8221;on&#8221; button_icon=&#8221;&#x22;||divi||400&#8243; button_on_hover=&#8221;off&#8221; global_colors_info=&#8221;{}&#8221;][\/et_pb_button][\/et_pb_column][et_pb_column type=&#8221;2_5&#8243; _builder_version=&#8221;4.16&#8243; background_enable_color=&#8221;off&#8221; global_colors_info=&#8221;{}&#8221; custom_padding__hover=&#8221;|||&#8221;][et_pb_image src=&#8221;https:\/\/herrestalada.com\/wp-content\/uploads\/2021\/01\/IMG_9390-1.jpeg&#8221; title_text=&#8221;Grillprogram 10 avsnitt, inspelning i nov 2020&#8243; show_in_lightbox=&#8221;on&#8221; _builder_version=&#8221;4.27.0&#8243; _module_preset=&#8221;default&#8221; global_colors_info=&#8221;{}&#8221;][\/et_pb_image][\/et_pb_column][\/et_pb_row][et_pb_row column_structure=&#8221;1_2,1_2&#8243; _builder_version=&#8221;4.16&#8243; _module_preset=&#8221;default&#8221; global_colors_info=&#8221;{}&#8221;][et_pb_column type=&#8221;1_2&#8243; _builder_version=&#8221;4.16&#8243; _module_preset=&#8221;default&#8221; global_colors_info=&#8221;{}&#8221;][et_pb_image src=&#8221;https:\/\/herrestalada.com\/wp-content\/uploads\/2021\/01\/1385302_558947664191807_1507284837_n.jpg&#8221; title_text=&#8221;Alltf\u00f6r Sverige, inspelning 2013&#8243; show_in_lightbox=&#8221;on&#8221; _builder_version=&#8221;4.27.0&#8243; _module_preset=&#8221;default&#8221; global_colors_info=&#8221;{}&#8221;][\/et_pb_image][\/et_pb_column][et_pb_column type=&#8221;1_2&#8243; _builder_version=&#8221;4.16&#8243; _module_preset=&#8221;default&#8221; global_colors_info=&#8221;{}&#8221;][et_pb_image src=&#8221;https:\/\/herrestalada.com\/wp-content\/uploads\/2021\/01\/1379464_558947344191839_209655358_n.jpg&#8221; title_text=&#8221;Alltf\u00f6r Sverige &#8211; sillfrukost. Inspelning 2013&#8243; show_in_lightbox=&#8221;on&#8221; _builder_version=&#8221;4.27.0&#8243; _module_preset=&#8221;default&#8221; global_colors_info=&#8221;{}&#8221;][\/et_pb_image][\/et_pb_column][\/et_pb_row][\/et_pb_section][et_pb_section fb_built=&#8221;1&#8243; module_id=&#8221;filminspelning&#8221; module_class=&#8221;filminspelning&#8221; _builder_version=&#8221;4.27.0&#8243; _module_preset=&#8221;default&#8221; custom_padding=&#8221;0px||||false|false&#8221; global_colors_info=&#8221;{}&#8221;][et_pb_row column_structure=&#8221;2_3,1_3&#8243; _builder_version=&#8221;4.27.0&#8243; _module_preset=&#8221;default&#8221; global_colors_info=&#8221;{}&#8221;][et_pb_column type=&#8221;2_3&#8243; _builder_version=&#8221;4.27.0&#8243; _module_preset=&#8221;default&#8221; global_colors_info=&#8221;{}&#8221;][et_pb_text _builder_version=&#8221;4.27.0&#8243; _module_preset=&#8221;default&#8221; max_width=&#8221;800px&#8221; global_colors_info=&#8221;{}&#8221;]<\/p>\n<h2>Filminspelningsplats i ost\u00f6rd och klassiskt lantlig kulturmilj\u00f6<\/h2>\n<p>Herresta Lada har visat sig vara en mycket uppskattad plats f\u00f6r olika typer av filminspelningar, exempelvis TV-program med olika teman. Vi har tidigare haft inspelning av bl a SVT-programmet Allt f\u00f6r Sverige samt ett grillprogram med 10 matlagningsavsnitt f\u00f6r matkanalen Godare.se . Referenser l\u00e4mnas g\u00e4rna vid f\u00f6rfr\u00e5gan.<\/p>\n<p>Platsen passar dig som s\u00f6ker:<\/p>\n<ul>\n<li>En lantlig, genuin och v\u00e4lunderh\u00e5llen g\u00e5rdsmilj\u00f6, typiskt svensk med flera falur\u00f6da lador<\/li>\n<li>En vacker, rofylld och lugn plats med sk\u00f6n atmosf\u00e4r<\/li>\n<li>Olika inspirerande milj\u00f6er b\u00e5de utomhus och inomhus<\/li>\n<li>En avskild plats d\u00e4r ni arbetar ost\u00f6rt utan andra m\u00e4nniskor i n\u00e4rheten<\/li>\n<li>Gener\u00f6sa ytor att kunna sprida ut sig p\u00e5<\/li>\n<li>M\u00f6jligheter till \u00f6vernattning och f\u00f6rt\u00e4ring<\/li>\n<li>Tillg\u00e4ngligt med n\u00e4rhet till Arlanda, bel\u00e4get mitt emellan Stockholm och Uppsala, en plats l\u00e4tt att n\u00e5 \u2013 p\u00e5 landet n\u00e4ra staden<\/li>\n<li>Trygg och kostnadsfri parkering just intill anl\u00e4ggningen<\/li>\n<li>Varmt och serviceinriktat v\u00e4rdskap<\/li>\n<\/ul>\n<p>G\u00e5rden inrymmer ett charmigt caf\u00e9, ett vackert orangeri, odlingar och fina tr\u00e4dg\u00e5rdsmilj\u00f6er &#8211; allt inb\u00e4ddat i ett vidstr\u00e4ckt och lantligt kulturlandskap. Du hittar oss i Odensala lugnt bel\u00e4get utan bullerst\u00f6rningar trots n\u00e4rheter till b\u00e5de storst\u00e4der och flygplats.<\/p>\n<p>[\/et_pb_text][et_pb_button button_url=&#8221;#intresseforfragan&#8221; button_text=&#8221;Intressef\u00f6rfr\u00e5gan&#8221; _builder_version=&#8221;4.27.0&#8243; _module_preset=&#8221;default&#8221; custom_button=&#8221;on&#8221; button_icon=&#8221;&#x22;||divi||400&#8243; button_on_hover=&#8221;off&#8221; locked=&#8221;off&#8221; global_colors_info=&#8221;{}&#8221;][\/et_pb_button][\/et_pb_column][et_pb_column type=&#8221;1_3&#8243; _builder_version=&#8221;4.27.0&#8243; _module_preset=&#8221;default&#8221; global_colors_info=&#8221;{}&#8221;][et_pb_image src=&#8221;https:\/\/herrestalada.com\/wp-content\/uploads\/2021\/01\/1374356_558946607525246_665527136_n.jpg&#8221; title_text=&#8221;Alltf\u00f6r Sverige &#8211; \u00f6ppning skattkista. Inspelning 2013&#8243; show_in_lightbox=&#8221;on&#8221; _builder_version=&#8221;4.27.0&#8243; _module_preset=&#8221;default&#8221; global_colors_info=&#8221;{}&#8221;][\/et_pb_image][\/et_pb_column][\/et_pb_row][et_pb_row column_structure=&#8221;2_3,1_3&#8243; _builder_version=&#8221;4.27.0&#8243; _module_preset=&#8221;default&#8221; global_colors_info=&#8221;{}&#8221;][et_pb_column type=&#8221;2_3&#8243; _builder_version=&#8221;4.27.0&#8243; _module_preset=&#8221;default&#8221; global_colors_info=&#8221;{}&#8221;][et_pb_text module_id=&#8221;reklamfoto&#8221; module_class=&#8221;reklamfoto&#8221; _builder_version=&#8221;4.27.0&#8243; _module_preset=&#8221;default&#8221; max_width=&#8221;800px&#8221; global_colors_info=&#8221;{}&#8221;]<\/p>\n<h2>Reklamfotografering eller inspelning av reklamfilm<\/h2>\n<p>Flera reklambyr\u00e5er och f\u00f6retag har uppt\u00e4ckt att p\u00e5 Herresta Lada kan man b\u00e5de fota och filma f\u00f6r hemsidor, webbshopar, sociala medier, produktkataloger mm p\u00e5 ett framg\u00e5ngsrikt och effektivt s\u00e4tt.<\/p>\n<p>Vi har under \u00e5ren haft bes\u00f6k av kunder som anv\u00e4nt v\u00e5ra olika lokaler, utemilj\u00f6er och rekvisita f\u00f6r sina olika foto- och filmuppdrag, p\u00e5 senare tid exempelvis Dollarstore som tagit foton av sina produkter f\u00f6r flyers, hemsida och webbshop, inf\u00f6r olika kampanjperioder s\u00e5som jul, p\u00e5sk och sommar. Referenser l\u00e4mnas g\u00e4rna vid f\u00f6rfr\u00e5gan.<\/p>\n<p>Platsen passar dig som s\u00f6ker:<\/p>\n<ul>\n<li>Olika inspirerande och attraktiva milj\u00f6er b\u00e5de utomhus och inomhus<\/li>\n<li>En avskild plats d\u00e4r ni arbetar ost\u00f6rt utan andra m\u00e4nniskor i n\u00e4rheten<\/li>\n<li>God tillg\u00e5ng till rekvisita av olika slag<\/li>\n<li>Gener\u00f6sa ytor att kunna sprida ut sig p\u00e5<\/li>\n<li>Trygg och kostnadsfri parkering just intill anl\u00e4ggningen<\/li>\n<li>Serviceinriktat och flexibelt v\u00e4rdskap<\/li>\n<li>M\u00f6jligheter till \u00f6vernattning och mat<\/li>\n<li>Tillg\u00e4ngligt med n\u00e4rhet till Arlanda, bel\u00e4get mitt emellan Stockholm och Uppsala, en plats l\u00e4tt att n\u00e5 \u2013 p\u00e5 landet n\u00e4ra staden<\/li>\n<li>En lantlig, genuin och v\u00e4lunderh\u00e5llen g\u00e5rdsmilj\u00f6, typiskt svensk med flera falur\u00f6da lador<\/li>\n<li>En vacker, rofylld och lugn plats med sk\u00f6n atmosf\u00e4r<\/li>\n<\/ul>\n<p>G\u00e5rden inrymmer ett charmigt caf\u00e9, ett vackert orangeri, odlingar och fina tr\u00e4dg\u00e5rdsmilj\u00f6er &#8211; allt inb\u00e4ddat i ett vidstr\u00e4ckt och lantligt kulturlandskap. Du hittar oss i Odensala lugnt bel\u00e4get utan bullerst\u00f6rningar trots n\u00e4rhet till b\u00e5de storst\u00e4der och flygplats.<\/p>\n<p>[\/et_pb_text][\/et_pb_column][et_pb_column type=&#8221;1_3&#8243; _builder_version=&#8221;4.27.0&#8243; _module_preset=&#8221;default&#8221; global_colors_info=&#8221;{}&#8221;][et_pb_image src=&#8221;https:\/\/herrestalada.com\/wp-content\/uploads\/2024\/08\/IMG_6290.jpg&#8221; alt=&#8221;Dollarstore reklamfotografering&#8221; title_text=&#8221;Dollarstore reklamfotografering&#8221; show_in_lightbox=&#8221;on&#8221; _builder_version=&#8221;4.27.0&#8243; _module_preset=&#8221;default&#8221; global_colors_info=&#8221;{}&#8221;][\/et_pb_image][\/et_pb_column][\/et_pb_row][\/et_pb_section][et_pb_section fb_built=&#8221;1&#8243; module_id=&#8221;intresseforfragan&#8221; module_class=&#8221;intresseforfragan&#8221; _builder_version=&#8221;4.27.0&#8243; _module_preset=&#8221;default&#8221; locked=&#8221;off&#8221; global_colors_info=&#8221;{}&#8221;][et_pb_row custom_padding_last_edited=&#8221;on|phone&#8221; _builder_version=&#8221;4.23.1&#8243; _module_preset=&#8221;default&#8221; background_color=&#8221;#ffddd3&#8243; width_tablet=&#8221;&#8221; width_phone=&#8221;100%&#8221; width_last_edited=&#8221;on|tablet&#8221; max_width=&#8221;750px&#8221; max_width_tablet=&#8221;750px&#8221; max_width_phone=&#8221;750px&#8221; max_width_last_edited=&#8221;on|phone&#8221; custom_margin=&#8221;||||false|false&#8221; custom_margin_tablet=&#8221;||||false|false&#8221; custom_margin_phone=&#8221;||||false|false&#8221; custom_margin_last_edited=&#8221;on|desktop&#8221; custom_padding=&#8221;20px|50px|20px|50px|true|true&#8221; custom_padding_tablet=&#8221;20px|50px|20px|50px|true|true&#8221; custom_padding_phone=&#8221;20px|20px|20px|20px|true|true&#8221; global_colors_info=&#8221;{}&#8221;][et_pb_column type=&#8221;4_4&#8243; _builder_version=&#8221;4.23.1&#8243; _module_preset=&#8221;default&#8221; global_colors_info=&#8221;{}&#8221;][et_pb_text _builder_version=&#8221;4.27.0&#8243; _module_preset=&#8221;default&#8221; global_colors_info=&#8221;{}&#8221;]<\/p>\n<h2>Intressef\u00f6rfr\u00e5gan<a href=\"mailto:info@herrestalada.com\"><\/a><\/h2>\n<p>[\/et_pb_text][wpforms_selector form_id=&#8221;5648&#8243; _builder_version=&#8221;4.27.0&#8243; _module_preset=&#8221;default&#8221; saved_tabs=&#8221;all&#8221; locked=&#8221;off&#8221; global_colors_info=&#8221;{}&#8221;][\/wpforms_selector][\/et_pb_column][\/et_pb_row][\/et_pb_section][et_pb_section fb_built=&#8221;1&#8243; _builder_version=&#8221;4.16&#8243; use_background_color_gradient=&#8221;on&#8221; background_color_gradient_direction=&#8221;90deg&#8221; background_color_gradient_stops=&#8221;#ffffff 0%|rgba(255,255,255,0.85) 100%&#8221; background_color_gradient_start=&#8221;#ffffff&#8221; background_color_gradient_end=&#8221;rgba(255,255,255,0.85)&#8221; background_image=&#8221;https:\/\/herrestalada.com\/wp-content\/uploads\/2018\/10\/DSC_1773_1.jpg&#8221; background_blend=&#8221;overlay&#8221; background_color_gradient_stops_tablet=&#8221;#ffffff 0%|rgba(255,255,255,0.85) 100%&#8221; background_color_gradient_stops_phone=&#8221;#ffffff 0%|rgba(255,255,255,0.85) 100%&#8221; global_module=&#8221;2538&#8243; saved_tabs=&#8221;all&#8221; global_colors_info=&#8221;{}&#8221;][et_pb_row column_structure=&#8221;1_2,1_2&#8243; _builder_version=&#8221;4.16&#8243; background_size=&#8221;initial&#8221; background_position=&#8221;top_left&#8221; background_repeat=&#8221;repeat&#8221; global_colors_info=&#8221;{}&#8221;][et_pb_column type=&#8221;1_2&#8243; _builder_version=&#8221;4.16&#8243; _module_preset=&#8221;default&#8221; global_colors_info=&#8221;{}&#8221;][et_pb_text _builder_version=&#8221;4.23.1&#8243; header_3_line_height=&#8221;1.5em&#8221; global_colors_info=&#8221;{}&#8221;]<\/p>\n<h3 class=\"newsletter-button\">Ta del av vad som \u00e4r p\u00e5 g\u00e5ng p\u00e5 Herresta Lada<\/h3>\n<p><!-- Begin Mailchimp Signup Form --><\/p>\n<div id=\"mc_embed_signup\">\n<form action=\"https:\/\/herrestalada.us11.list-manage.com\/subscribe\/post?u=081a38e5b5a297743db1c777a&amp;id=572b48304b\" method=\"post\" id=\"mc-embedded-subscribe-form\" name=\"mc-embedded-subscribe-form\" class=\"validate\" target=\"_blank\" novalidate=\"novalidate\">\n<div id=\"mc_embed_signup_scroll\">\n<p><label for=\"mce-EMAIL\">F\u00e5 de senaste nyheterna fr\u00e5n Herresta Lada<\/label><br \/><input type=\"email\" value=\"\" name=\"EMAIL\" class=\"email\" id=\"mce-EMAIL\" placeholder=\"e-postadress\" required=\"\" aria-required=\"true\" \/><br \/><!-- real people should not fill this in and expect good things - do not remove this or risk form bot signups--><\/p>\n<p>&nbsp;<\/p>\n<div style=\"position: absolute; left: -5000px;\" aria-hidden=\"true\"><input type=\"text\" name=\"b_081a38e5b5a297743db1c777a_572b48304b\" tabindex=\"-1\" value=\"\" \/><\/div>\n<div class=\"clear\"><input type=\"submit\" value=\"Prenumerera\" name=\"subscribe\" id=\"mc-embedded-subscribe\" class=\"button\" \/><\/div>\n<\/div>\n<\/form>\n<\/div>\n<p><!--End mc_embed_signup--><\/p>\n<p>[\/et_pb_text][\/et_pb_column][et_pb_column type=&#8221;1_2&#8243; _builder_version=&#8221;4.16&#8243; custom_padding=&#8221;|||&#8221; global_colors_info=&#8221;{}&#8221; custom_padding__hover=&#8221;|||&#8221;][\/et_pb_column][\/et_pb_row][\/et_pb_section]<\/p>\n","protected":false},"excerpt":{"rendered":"<p>Filminspelningsplats i klassiskt lantlig milj\u00f6 &nbsp;&nbsp;Genom sitt lugna och ost\u00f6rda l\u00e4ge i kombination med god tillg\u00e4nglighet och vacker milj\u00f6 har Herresta Lada anv\u00e4nts och uppskattats f\u00f6r flera olika film- och fotoaktiviteter. Olika TV-produktionsbolag har bokat in sig f\u00f6r filminspelningar och reklambolag har hittat perfekta milj\u00f6er f\u00f6r fotografering och inspelning av reklamfilm i olika syften. L\u00e4s [&hellip;]<\/p>\n","protected":false},"author":9,"featured_media":0,"parent":19,"menu_order":0,"comment_status":"open","ping_status":"open","template":"","meta":{"_et_pb_use_builder":"on","_et_pb_old_content":"Herresta Lada \u00e4r den perfekta platsen f\u00f6r att arrangera din konferens, utbildning eller ditt m\u00f6te. Den klassiska lantliga men samtidigt fr\u00e4scha milj\u00f6n g\u00f6r ditt arrangemang attraktivt, sp\u00e4nnande och annorlunda. Herresta Lada ligger n\u00e4ra Arlanda och bara en kort bit bort fr\u00e5n E4 mellan Stockholm och Uppsala - p\u00e5 landet n\u00e4ra staden. Platsen \u00e4r vacker, lugn och avskild samtidigt som den \u00e4r anpassad f\u00f6r olika typer av aktiviteter f\u00f6r f\u00f6retag, organisationer och f\u00f6reningar.\u00a0H\u00e4r finns flera attraktiva konferenslokaler och gott om kostnadsfria p-platser. M\u00f6jligheter finns ocks\u00e5 att vara b\u00e5de inomhus och utomhus, ost\u00f6rt utan andra g\u00e4ster.\r\n\r\n[sc:Kontaktyta]\r\n<blockquote>F\u00f6r dig som vill hantera din konferens, utbildning eller ditt m\u00f6te sj\u00e4lv finns m\u00f6jligheter att enbart hyra lokalerna och\u00a0den utrustning du beh\u00f6ver.\u00a0Du tar i \u00f6vrigt sj\u00e4lv hand om det praktiska och administrativa, vilket g\u00f6r det till ett budgetm\u00e4ssigt mycket f\u00f6rdelaktigt alternativ.<\/blockquote>\r\n[caption id=\"attachment_562\" align=\"alignleft\" width=\"150\"]<a href=\"\/wp-content\/uploads\/2015\/03\/IMG_6116.jpg\"><img class=\"wp-image-562 size-thumbnail\" src=\"\/wp-content\/uploads\/2015\/03\/IMG_6116-150x150.jpg\" alt=\"Yoga Herresta Lada\" width=\"150\" height=\"150\" \/><\/a> Yoga utomhus p\u00e5 Herresta Lada[\/caption]\r\n\r\n[caption id=\"attachment_560\" align=\"alignright\" width=\"150\"]<a href=\"\/wp-content\/uploads\/2015\/03\/article266_20130820074017.jpg\"><img class=\"wp-image-560 size-thumbnail\" src=\"\/wp-content\/uploads\/2015\/03\/article266_20130820074017-150x150.jpg\" alt=\"Improteater p\u00e5 Herresta Lada\" width=\"150\" height=\"150\" \/><\/a> Improteater p\u00e5 Herresta Lada[\/caption]\r\n\r\n\u00a0\r\n\r\n\u00a0\r\n\r\n\u00a0\r\n\r\n\u00a0\r\n\r\n\u00a0\r\n\r\nExempelvis m\u00f6blerar du sj\u00e4lv om i lokalerna efter eget behov. Du (och dina g\u00e4ster) ordnar\u00a0med mat och fika i n\u00e5got av v\u00e5ra k\u00f6k. Och ni tar sj\u00e4lva med er t ex block, pennor och annat deltagarmaterial som ni beh\u00f6ver.\r\n<blockquote>Du kanske har intresse av att ha avskildhet, att finna ett attraktivt budgetalternativ eller helt enkelt gillar att sj\u00e4lv h\u00e5lla i alla delmoment. Vi kan anpassa din konferensbokning flexibelt utifr\u00e5n dina specifika behov och \u00f6nskem\u00e5l.<\/blockquote>\r\nLokalerna \u00e4r inhysta i en charmig \u00e4ldre lada som nyligen renoverats och inretts just f\u00f6r konferens\u00e4ndam\u00e5l. Lokalerna \u00e4r fullt utrustade f\u00f6r att h\u00e5lla moderna konferenser, utbildningar och m\u00f6ten. Det inneb\u00e4r att lokalerna \u00e4r utrustade med whiteboard, bl\u00e4dderblad, projektor, ljudanl\u00e4ggning, wifi, m\u00f6bler, matsal, k\u00f6k, anteckningsblock och pennor mm.\r\n\r\n\u00d6vernattningsm\u00f6jligheter kan ocks\u00e5 erbjudas f\u00f6r den mindre gruppen.\r\n\r\nKom g\u00e4rna och bes\u00f6k oss f\u00f6r att sj\u00e4lv se platsen och dess m\u00f6jligheter.\r\n\r\n<hr id=\"form-target\" \/>\r\n\r\n<h3>Skicka f\u00f6rfr\u00e5gan<\/h3>\r\n[contact-form-7 id=\"1034\" title=\"Konferens\"]\r\n\r\n\u00a0","_et_gb_content_width":"","inline_featured_image":false,"iawp_total_views":484,"footnotes":""},"class_list":["post-4033","page","type-page","status-publish","hentry"],"_links":{"self":[{"href":"https:\/\/herrestalada.com\/en\/wp-json\/wp\/v2\/pages\/4033","targetHints":{"allow":["GET"]}}],"collection":[{"href":"https:\/\/herrestalada.com\/en\/wp-json\/wp\/v2\/pages"}],"about":[{"href":"https:\/\/herrestalada.com\/en\/wp-json\/wp\/v2\/types\/page"}],"author":[{"embeddable":true,"href":"https:\/\/herrestalada.com\/en\/wp-json\/wp\/v2\/users\/9"}],"replies":[{"embeddable":true,"href":"https:\/\/herrestalada.com\/en\/wp-json\/wp\/v2\/comments?post=4033"}],"version-history":[{"count":5,"href":"https:\/\/herrestalada.com\/en\/wp-json\/wp\/v2\/pages\/4033\/revisions"}],"predecessor-version":[{"id":5684,"href":"https:\/\/herrestalada.com\/en\/wp-json\/wp\/v2\/pages\/4033\/revisions\/5684"}],"up":[{"embeddable":true,"href":"https:\/\/herrestalada.com\/en\/wp-json\/wp\/v2\/pages\/19"}],"wp:attachment":[{"href":"https:\/\/herrestalada.com\/en\/wp-json\/wp\/v2\/media?parent=4033"}],"curies":[{"name":"wp","href":"https:\/\/api.w.org\/{rel}","templated":true}]}}