{"id":400,"date":"2015-03-28T15:50:50","date_gmt":"2015-03-28T14:50:50","guid":{"rendered":"\/herrestalada\/?page_id=400"},"modified":"2024-01-22T11:56:45","modified_gmt":"2024-01-22T10:56:45","slug":"konferenser-och-moten-med-full-service","status":"publish","type":"page","link":"https:\/\/herrestalada.com\/en\/konferens-och-kurslokaler\/konferenser-och-moten-med-full-service\/","title":{"rendered":"Sit back and let us prepare everything for and during your conference"},"content":{"rendered":"<p>[et_pb_section fb_built=&#8221;1&#8243; admin_label=&#8221;Hero Section&#8221; _builder_version=&#8221;4.23.1&#8243; use_background_color_gradient=&#8221;on&#8221; background_color_gradient_direction=&#8221;3deg&#8221; background_color_gradient_stops=&#8221;#ffffff 12%|rgba(0,0,0,0.4) 12%&#8221; background_color_gradient_overlays_image=&#8221;on&#8221; background_color_gradient_start=&#8221;#ffffff&#8221; background_color_gradient_start_position=&#8221;12%&#8221; background_color_gradient_end=&#8221;rgba(0,0,0,0.4)&#8221; background_color_gradient_end_position=&#8221;12%&#8221; background_image=&#8221;https:\/\/herrestalada.com\/wp-content\/uploads\/2023\/12\/Herresta-Lada-Konferens-1.jpg&#8221; background_position=&#8221;center_right&#8221; custom_padding=&#8221;10%||10%||true|false&#8221; global_colors_info=&#8221;{}&#8221;][et_pb_row admin_label=&#8221;Page Title Area&#8221; _builder_version=&#8221;4.16&#8243; global_colors_info=&#8221;{}&#8221;][et_pb_column type=&#8221;4_4&#8243; _builder_version=&#8221;4.16&#8243; custom_padding=&#8221;|||&#8221; global_colors_info=&#8221;{}&#8221; custom_padding__hover=&#8221;|||&#8221;][et_pb_text admin_label=&#8221;Hero Section Title&#8221; _builder_version=&#8221;4.23.1&#8243; text_font=&#8221;Montserrat||||||||&#8221; text_font_size=&#8221;20px&#8221; text_line_height=&#8221;1.8em&#8221; header_font=&#8221;Montserrat|600||on|||||&#8221; header_font_size=&#8221;48px&#8221; header_letter_spacing=&#8221;3px&#8221; header_line_height=&#8221;1.3em&#8221; header_2_font=&#8221;Montserrat|700|||||||&#8221; header_2_text_color=&#8221;rgba(255,255,255,0.6)&#8221; header_2_font_size=&#8221;90px&#8221; header_2_letter_spacing=&#8221;3px&#8221; header_2_line_height=&#8221;1.1em&#8221; text_orientation=&#8221;center&#8221; background_layout=&#8221;dark&#8221; max_width=&#8221;90%&#8221; max_width_tablet=&#8221;90%&#8221; max_width_phone=&#8221;100%&#8221; max_width_last_edited=&#8221;on|tablet&#8221; module_alignment=&#8221;center&#8221; custom_margin=&#8221;|||&#8221; custom_padding_tablet=&#8221;&#8221; custom_padding_phone=&#8221;&#8221; custom_padding_last_edited=&#8221;on|phone&#8221; animation_style=&#8221;fade&#8221; animation_direction=&#8221;bottom&#8221; header_font_size_tablet=&#8221;35px&#8221; header_font_size_phone=&#8221;25px&#8221; header_font_size_last_edited=&#8221;on|phone&#8221; header_2_font_size_tablet=&#8221;&#8221; header_2_font_size_phone=&#8221;50px&#8221; header_2_font_size_last_edited=&#8221;on|phone&#8221; global_colors_info=&#8221;{}&#8221;]<\/p>\n<h1>Konferenser och m\u00f6ten i h\u00e4rligt inspirerande milj\u00f6<\/h1>\n<p>&nbsp;<\/p>\n<p>[\/et_pb_text][\/et_pb_column][\/et_pb_row][\/et_pb_section][et_pb_section fb_built=&#8221;1&#8243; admin_label=&#8221;About Me Section&#8221; _builder_version=&#8221;4.16&#8243; custom_padding=&#8221;110px||110px|&#8221; global_colors_info=&#8221;{}&#8221;][et_pb_row admin_label=&#8221;Title Area&#8221; _builder_version=&#8221;4.16&#8243; custom_margin=&#8221;|||&#8221; custom_padding=&#8221;||0px|&#8221; global_colors_info=&#8221;{}&#8221;][et_pb_column type=&#8221;4_4&#8243; _builder_version=&#8221;4.16&#8243; custom_padding=&#8221;|||&#8221; global_colors_info=&#8221;{}&#8221; custom_padding__hover=&#8221;|||&#8221;][et_pb_text admin_label=&#8221;Title&#8221; _builder_version=&#8221;4.23.4&#8243; text_font=&#8221;||||||||&#8221; header_font=&#8221;||||||||&#8221; header_2_font=&#8221;Montserrat|600||on|||||&#8221; header_2_text_align=&#8221;center&#8221; header_2_font_size=&#8221;30px&#8221; custom_margin=&#8221;||5px|&#8221; animation_direction=&#8221;top&#8221; hover_enabled=&#8221;0&#8243; global_colors_info=&#8221;{}&#8221; sticky_enabled=&#8221;0&#8243;]<\/p>\n<h2>EN ANNORLUNDA M\u00d6TESPLATS<\/h2>\n<p>[\/et_pb_text][\/et_pb_column][\/et_pb_row][et_pb_row column_structure=&#8221;1_2,1_2&#8243; admin_label=&#8221;About Me Area&#8221; _builder_version=&#8221;4.23.4&#8243; hover_enabled=&#8221;0&#8243; global_colors_info=&#8221;{}&#8221; sticky_enabled=&#8221;0&#8243;][et_pb_column type=&#8221;1_2&#8243; _builder_version=&#8221;4.16&#8243; custom_padding=&#8221;|||&#8221; global_colors_info=&#8221;{}&#8221; custom_padding__hover=&#8221;|||&#8221;][et_pb_text _builder_version=&#8221;4.23.4&#8243; text_font=&#8221;||||||||&#8221; text_font_size=&#8221;16px&#8221; text_line_height=&#8221;1.8em&#8221; header_font=&#8221;||||||||&#8221; max_width=&#8221;90%&#8221; custom_margin=&#8221;|||&#8221; animation_direction=&#8221;left&#8221; hover_enabled=&#8221;0&#8243; global_colors_info=&#8221;{}&#8221; sticky_enabled=&#8221;0&#8243;]<\/p>\n<p>Herresta Lada \u00e4r den perfekta platsen f\u00f6r din konferens, utbildning eller m\u00f6te om du s\u00f6ker en vacker, lugn och inspirerande milj\u00f6. <span style=\"background-color: #ffffff; font-size: 16px;\">Hos oss m\u00f6ts det charmigt lantliga och det fr\u00e4scht moderna.<\/span><span style=\"background-color: #ffffff; font-size: 16px;\">\u00a0<\/span><\/p>\n<p>Herresta Lada ligger n\u00e4ra Arlanda, mitt emellan Stockholm och Uppsala \u2013 p\u00e5 landet n\u00e4ra staden. Platsen \u00e4r l\u00e4tt tillg\u00e4nglig.<\/p>\n<p>Vid konferens hos oss \u00e4r det enbart du och dina kollegor h\u00e4r. Du har tillg\u00e5ng till flera platser b\u00e5de inne och utomhus och det g\u00e5r l\u00e4tt att hitta avskilda milj\u00f6er f\u00f6r olika grupparbeten.<\/p>\n<p>Vi erbjuder en caf\u00e9- och restaurangdel, tv\u00e5 konferensrum och ett orangeri med vidstr\u00e4ckt utsikt. Om v\u00e4dret till\u00e5ter finns flera inbjudande sittgrupper i tr\u00e4dg\u00e5rden. Allt f\u00f6r att ge arbetsro och inspiration.<\/p>\n<p>[\/et_pb_text][\/et_pb_column][et_pb_column type=&#8221;1_2&#8243; _builder_version=&#8221;4.16&#8243; custom_padding=&#8221;|||&#8221; global_colors_info=&#8221;{}&#8221; custom_padding__hover=&#8221;|||&#8221;][et_pb_text _builder_version=&#8221;4.23.4&#8243; text_font=&#8221;||||||||&#8221; text_font_size=&#8221;16px&#8221; text_line_height=&#8221;1.8em&#8221; header_font=&#8221;||||||||&#8221; max_width=&#8221;90%&#8221; custom_margin=&#8221;|||&#8221; animation_direction=&#8221;left&#8221; hover_enabled=&#8221;0&#8243; global_colors_info=&#8221;{}&#8221; sticky_enabled=&#8221;0&#8243;]<\/p>\n<p>Lokalerna \u00e4r fullt utrustade f\u00f6r moderna konferenser, utbildningar och m\u00f6ten; Det finns whiteboard, bl\u00e4dderblock, projektor, hybridm\u00f6testeknik, ljudanl\u00e4ggning, wifi mm.<\/p>\n<p>Vi erbjuder fr\u00e4mst hel- eller halvdagskonferenser med m\u00f6jlighet att h\u00e5lla p\u00e5 till sena kv\u00e4llen. N\u00e4r det g\u00e4ller \u00f6vernattning finns vissa m\u00f6jligheter. Vi har ocks\u00e5 samarbeten med n\u00e4rliggande boenden.<\/p>\n<p>Vill du krydda din vistelse med en teamaktivitet s\u00e5 erbjuder vi exempelvis \u00f6l- eller vinprovning, gemensam matlagning, yoga, kalligrafi, b\u00e5gskytte mm. Beskriv vad ni \u00e4r intresserade av s\u00e5 f\u00f6resl\u00e5r vi g\u00e4rna passande aktiviteter!<\/p>\n<p>F\u00f6r mer information, kontakta oss p\u00e5 070-201 14 30 eller <a href=\"tord@herrestalada.com\">tord@herrestalada.com<\/a> .<\/p>\n<p>&nbsp;<\/p>\n<p>[\/et_pb_text][\/et_pb_column][\/et_pb_row][\/et_pb_section][et_pb_section fb_built=&#8221;1&#8243; admin_label=&#8221;My Skills Section&#8221; _builder_version=&#8221;4.23.1&#8243; custom_padding=&#8221;||||false|false&#8221; global_colors_info=&#8221;{}&#8221;][et_pb_row admin_label=&#8221;Section Title&#8221; _builder_version=&#8221;4.16&#8243; custom_margin=&#8221;|||&#8221; custom_padding=&#8221;||0px|&#8221; locked=&#8221;off&#8221; global_colors_info=&#8221;{}&#8221;][et_pb_column type=&#8221;4_4&#8243; _builder_version=&#8221;4.16&#8243; custom_padding=&#8221;|||&#8221; global_colors_info=&#8221;{}&#8221; custom_padding__hover=&#8221;|||&#8221;][et_pb_text admin_label=&#8221;Title&#8221; _builder_version=&#8221;4.23.4&#8243; text_font=&#8221;||||||||&#8221; text_font_size=&#8221;13px&#8221; header_font=&#8221;||||||||&#8221; header_2_font=&#8221;Montserrat|600||on|||||&#8221; header_2_text_align=&#8221;center&#8221; header_2_font_size=&#8221;30px&#8221; text_orientation=&#8221;center&#8221; custom_margin=&#8221;||5px|&#8221; animation_direction=&#8221;top&#8221; hover_enabled=&#8221;0&#8243; global_colors_info=&#8221;{}&#8221; sticky_enabled=&#8221;0&#8243;]<\/p>\n<h2>S\u00e5 h\u00e4r ser det ut<\/h2>\n<p>Klicka p\u00e5 bilderna f\u00f6r ytterligare information<\/p>\n<p>[\/et_pb_text][\/et_pb_column][\/et_pb_row][et_pb_row column_structure=&#8221;1_3,1_3,1_3&#8243; disabled_on=&#8221;on|on|on&#8221; module_class=&#8221; et_pb_row_fullwidth&#8221; _builder_version=&#8221;4.16&#8243; width=&#8221;89%&#8221; width_tablet=&#8221;80%&#8221; width_phone=&#8221;&#8221; width_last_edited=&#8221;on|desktop&#8221; max_width=&#8221;89%&#8221; max_width_tablet=&#8221;80%&#8221; max_width_phone=&#8221;&#8221; max_width_last_edited=&#8221;on|desktop&#8221; make_fullwidth=&#8221;on&#8221; disabled=&#8221;on&#8221; global_colors_info=&#8221;{}&#8221;][et_pb_column type=&#8221;1_3&#8243; _builder_version=&#8221;4.16&#8243; custom_padding=&#8221;|||&#8221; global_colors_info=&#8221;{}&#8221; custom_padding__hover=&#8221;|||&#8221;][et_pb_image src=&#8221;https:\/\/herrestalada.com\/wp-content\/uploads\/2021\/02\/DSC_6662.jpg&#8221; title_text=&#8221;Herresta Lada &#8211; en inspirerande landningsplats&#8221; align_tablet=&#8221;center&#8221; align_phone=&#8221;&#8221; align_last_edited=&#8221;on|desktop&#8221; _builder_version=&#8221;4.16&#8243; custom_margin=&#8221;||0px||false|false&#8221; global_colors_info=&#8221;{}&#8221;][\/et_pb_image][et_pb_text _builder_version=&#8221;4.16&#8243; _module_preset=&#8221;default&#8221; custom_margin=&#8221;||||false|false&#8221; custom_padding=&#8221;0px||||false|false&#8221; global_colors_info=&#8221;{}&#8221;]<\/p>\n<p><em>Herresta Lada &#8211; en inspirerande landningsplats<\/em><\/p>\n<p>[\/et_pb_text][\/et_pb_column][et_pb_column type=&#8221;1_3&#8243; _builder_version=&#8221;4.16&#8243; custom_padding=&#8221;|||&#8221; global_colors_info=&#8221;{}&#8221; custom_padding__hover=&#8221;|||&#8221;][et_pb_image src=&#8221;https:\/\/herrestalada.com\/wp-content\/uploads\/2021\/02\/DSC_6256.jpg&#8221; title_text=&#8221;Herresta Lada &#8211; en inspirerande landningsplats&#8221; align_tablet=&#8221;center&#8221; align_phone=&#8221;&#8221; align_last_edited=&#8221;on|desktop&#8221; _builder_version=&#8221;4.16&#8243; custom_margin=&#8221;||0px||false|false&#8221; global_colors_info=&#8221;{}&#8221;][\/et_pb_image][et_pb_text _builder_version=&#8221;4.16&#8243; _module_preset=&#8221;default&#8221; custom_margin=&#8221;||||false|false&#8221; custom_padding=&#8221;0px||||false|false&#8221; global_colors_info=&#8221;{}&#8221;]<\/p>\n<p><em>Lilla konferensrummet &#8211; h\u00e4r m\u00f6blerat f\u00f6r samtal i lugn och ro<\/em><\/p>\n<p>[\/et_pb_text][\/et_pb_column][et_pb_column type=&#8221;1_3&#8243; _builder_version=&#8221;4.16&#8243; custom_padding=&#8221;|||&#8221; global_colors_info=&#8221;{}&#8221; custom_padding__hover=&#8221;|||&#8221;][et_pb_image src=&#8221;https:\/\/herrestalada.com\/wp-content\/uploads\/2018\/10\/DSC_1677_2.jpg&#8221; title_text=&#8221;Herresta Lada &#8211; en inspirerande landningsplats&#8221; align_tablet=&#8221;center&#8221; align_phone=&#8221;&#8221; align_last_edited=&#8221;on|desktop&#8221; _builder_version=&#8221;4.16&#8243; custom_margin=&#8221;||0px||false|false&#8221; global_colors_info=&#8221;{}&#8221;][\/et_pb_image][et_pb_text _builder_version=&#8221;4.23.1&#8243; _module_preset=&#8221;default&#8221; custom_margin=&#8221;||||false|false&#8221; custom_padding=&#8221;0px||||false|false&#8221; global_colors_info=&#8221;{}&#8221;]<\/p>\n<p><em>Orangeriet &#8211; f\u00f6r samtal med utsikt<\/em><\/p>\n<p>[\/et_pb_text][\/et_pb_column][\/et_pb_row][et_pb_row column_structure=&#8221;1_3,1_3,1_3&#8243; disabled_on=&#8221;on|on|on&#8221; module_class=&#8221; et_pb_row_fullwidth&#8221; _builder_version=&#8221;4.16&#8243; _module_preset=&#8221;default&#8221; width=&#8221;89%&#8221; width_tablet=&#8221;80%&#8221; width_phone=&#8221;&#8221; width_last_edited=&#8221;on|desktop&#8221; max_width=&#8221;89%&#8221; max_width_tablet=&#8221;80%&#8221; max_width_phone=&#8221;&#8221; max_width_last_edited=&#8221;on|desktop&#8221; disabled=&#8221;on&#8221; global_colors_info=&#8221;{}&#8221;][et_pb_column type=&#8221;1_3&#8243; _builder_version=&#8221;4.16&#8243; _module_preset=&#8221;default&#8221; global_colors_info=&#8221;{}&#8221;][et_pb_image src=&#8221;https:\/\/herrestalada.com\/wp-content\/uploads\/2021\/02\/DSC_6227.jpg&#8221; title_text=&#8221;U-sittning, max 16 p&#8221; _builder_version=&#8221;4.16&#8243; _module_preset=&#8221;default&#8221; custom_margin=&#8221;||0px||false|false&#8221; custom_padding=&#8221;||0px||false|false&#8221; global_colors_info=&#8221;{}&#8221;][\/et_pb_image][et_pb_text _builder_version=&#8221;4.16&#8243; _module_preset=&#8221;default&#8221; custom_margin=&#8221;||||false|false&#8221; custom_padding=&#8221;0px||||false|false&#8221; global_colors_info=&#8221;{}&#8221;]<\/p>\n<p><em>U-sttning &#8211; max 16 personer<\/em><\/p>\n<p>[\/et_pb_text][\/et_pb_column][et_pb_column type=&#8221;1_3&#8243; _builder_version=&#8221;4.16&#8243; _module_preset=&#8221;default&#8221; global_colors_info=&#8221;{}&#8221;][et_pb_image src=&#8221;https:\/\/herrestalada.com\/wp-content\/uploads\/2021\/02\/DSC_6313.jpg&#8221; title_text=&#8221;U-sittning, max 16 p&#8221; _builder_version=&#8221;4.16&#8243; _module_preset=&#8221;default&#8221; custom_margin=&#8221;||0px||false|false&#8221; custom_padding=&#8221;||0px||false|false&#8221; global_colors_info=&#8221;{}&#8221;][\/et_pb_image][et_pb_text _builder_version=&#8221;4.16&#8243; _module_preset=&#8221;default&#8221; custom_margin=&#8221;||||false|false&#8221; custom_padding=&#8221;0px||||false|false&#8221; global_colors_info=&#8221;{}&#8221;]<\/p>\n<p><em>Konferensmaterial &#8211; Herresta Lada<\/em><\/p>\n<p>[\/et_pb_text][\/et_pb_column][et_pb_column type=&#8221;1_3&#8243; _builder_version=&#8221;4.16&#8243; _module_preset=&#8221;default&#8221; global_colors_info=&#8221;{}&#8221;][et_pb_image src=&#8221;https:\/\/herrestalada.com\/wp-content\/uploads\/2021\/02\/DSC_6328.jpg&#8221; title_text=&#8221;U-sittning, max 16 p&#8221; _builder_version=&#8221;4.16&#8243; _module_preset=&#8221;default&#8221; custom_margin=&#8221;||0px||false|false&#8221; custom_padding=&#8221;||0px||false|false&#8221; global_colors_info=&#8221;{}&#8221;][\/et_pb_image][et_pb_text _builder_version=&#8221;4.16&#8243; _module_preset=&#8221;default&#8221; custom_margin=&#8221;||||false|false&#8221; custom_padding=&#8221;0px||||false|false&#8221; global_colors_info=&#8221;{}&#8221;]<\/p>\n<p><em>Biosittning &#8211; max 30 personer<\/em><\/p>\n<p>[\/et_pb_text][\/et_pb_column][\/et_pb_row][et_pb_row column_structure=&#8221;1_3,1_3,1_3&#8243; disabled_on=&#8221;on|on|on&#8221; module_class=&#8221; et_pb_row_fullwidth&#8221; _builder_version=&#8221;4.16&#8243; width=&#8221;89%&#8221; width_tablet=&#8221;80%&#8221; width_phone=&#8221;&#8221; width_last_edited=&#8221;on|desktop&#8221; max_width=&#8221;89%&#8221; max_width_tablet=&#8221;80%&#8221; max_width_phone=&#8221;&#8221; max_width_last_edited=&#8221;on|desktop&#8221; make_fullwidth=&#8221;on&#8221; disabled=&#8221;on&#8221; locked=&#8221;off&#8221; global_colors_info=&#8221;{}&#8221;][et_pb_column type=&#8221;1_3&#8243; _builder_version=&#8221;4.16&#8243; custom_padding=&#8221;|||&#8221; global_colors_info=&#8221;{}&#8221; custom_padding__hover=&#8221;|||&#8221;][et_pb_image src=&#8221;https:\/\/herrestalada.com\/wp-content\/uploads\/2021\/02\/DSC_6285.jpg&#8221; title_text=&#8221;Runda bord, max 20 p&#8221; _builder_version=&#8221;4.16&#8243; custom_margin=&#8221;||0px||false|false&#8221; custom_padding=&#8221;||0px||false|false&#8221; global_colors_info=&#8221;{}&#8221;][\/et_pb_image][et_pb_text _builder_version=&#8221;4.16&#8243; _module_preset=&#8221;default&#8221; custom_margin=&#8221;||||false|false&#8221; custom_padding=&#8221;0px||||false|false&#8221; global_colors_info=&#8221;{}&#8221;]<\/p>\n<p><em>Runda bord &#8211; max 20 personer<\/em><\/p>\n<p>[\/et_pb_text][\/et_pb_column][et_pb_column type=&#8221;1_3&#8243; _builder_version=&#8221;4.16&#8243; custom_padding=&#8221;|||&#8221; global_colors_info=&#8221;{}&#8221; custom_padding__hover=&#8221;|||&#8221;][et_pb_image src=&#8221;https:\/\/herrestalada.com\/wp-content\/uploads\/2021\/02\/DSC_1680.jpg&#8221; title_text=&#8221;Konferens i orangeriet, max 12 p&#8221; _builder_version=&#8221;4.16&#8243; custom_margin=&#8221;||0px||false|false&#8221; custom_padding=&#8221;||0px||false|false&#8221; global_colors_info=&#8221;{}&#8221;][\/et_pb_image][et_pb_text _builder_version=&#8221;4.16&#8243; _module_preset=&#8221;default&#8221; custom_margin=&#8221;||||false|false&#8221; custom_padding=&#8221;0px||||false|false&#8221; global_colors_info=&#8221;{}&#8221;]<\/p>\n<p><em>Konferens i orangeriet &#8211; max 12 personer<\/em><\/p>\n<p>[\/et_pb_text][\/et_pb_column][et_pb_column type=&#8221;1_3&#8243; _builder_version=&#8221;4.16&#8243; custom_padding=&#8221;|||&#8221; global_colors_info=&#8221;{}&#8221; custom_padding__hover=&#8221;|||&#8221;][et_pb_image src=&#8221;https:\/\/herrestalada.com\/wp-content\/uploads\/2021\/02\/DSC_6321.jpg&#8221; title_text=&#8221;Stolar i ring eller U-sittning utan bord, max 20 p&#8221; _builder_version=&#8221;4.16&#8243; custom_margin=&#8221;||0px||false|false&#8221; custom_padding=&#8221;||0px||false|false&#8221; global_colors_info=&#8221;{}&#8221;][\/et_pb_image][et_pb_text _builder_version=&#8221;4.23.1&#8243; _module_preset=&#8221;default&#8221; custom_margin=&#8221;||||false|false&#8221; custom_padding=&#8221;0px||||false|false&#8221; global_colors_info=&#8221;{}&#8221;]<\/p>\n<p><em>Stolar i ring eller U-sittning utan bord &#8211; max 20 personer<\/em><\/p>\n<p>[\/et_pb_text][\/et_pb_column][\/et_pb_row][et_pb_row use_custom_gutter=&#8221;on&#8221; gutter_width=&#8221;2&#8243; module_class=&#8221; et_pb_row_fullwidth&#8221; _builder_version=&#8221;4.23.1&#8243; _module_preset=&#8221;default&#8221; width=&#8221;100%&#8221; width_tablet=&#8221;80%&#8221; width_phone=&#8221;80%&#8221; width_last_edited=&#8221;on|desktop&#8221; max_width=&#8221;90%&#8221; max_width_tablet=&#8221;80%&#8221; max_width_phone=&#8221;80%&#8221; max_width_last_edited=&#8221;on|desktop&#8221; global_colors_info=&#8221;{}&#8221;][et_pb_column type=&#8221;4_4&#8243; _builder_version=&#8221;4.23.1&#8243; _module_preset=&#8221;default&#8221; global_colors_info=&#8221;{}&#8221;][et_pb_gallery gallery_ids=&#8221;5292,5291,5290,5289,5288,5287,5286,5285,5284,5283&#8243; posts_number=&#8221;10&#8243; show_title_and_caption=&#8221;off&#8221; show_pagination=&#8221;off&#8221; hover_overlay_color=&#8221;rgba(255,255,255,0.31)&#8221; _builder_version=&#8221;4.23.1&#8243; _module_preset=&#8221;default&#8221; custom_css_gallery_item=&#8221;width: 18.00% !important;||margin: 1% !important;||clear: none !important;&#8221; global_colors_info=&#8221;{}&#8221; custom_css_gallery_item_last_edited=&#8221;on|phone&#8221; custom_css_gallery_item_tablet=&#8221;width: 48.00% !important;||margin: 1% !important;||clear: none !important;&#8221; custom_css_gallery_item_phone=&#8221;width: 100.00% !important;||margin: 1% !important;||clear: none !important;&#8221;][\/et_pb_gallery][\/et_pb_column][\/et_pb_row][et_pb_row admin_label=&#8221;My Skills Area&#8221; _builder_version=&#8221;4.16&#8243; global_colors_info=&#8221;{}&#8221;][et_pb_column type=&#8221;4_4&#8243; _builder_version=&#8221;4.16&#8243; custom_padding=&#8221;|||&#8221; global_colors_info=&#8221;{}&#8221; custom_padding__hover=&#8221;|||&#8221;][et_pb_text admin_label=&#8221;Title&#8221; _builder_version=&#8221;4.23.4&#8243; text_font=&#8221;Montserrat|300|||||||&#8221; text_text_color=&#8221;#878787&#8243; text_font_size=&#8221;25px&#8221; text_line_height=&#8221;1.8em&#8221; link_font=&#8221;||||on|||#e10707|&#8221; link_text_color=&#8221;#333333&#8243; header_font=&#8221;||||||||&#8221; header_2_font=&#8221;Montserrat|600||on|||||&#8221; header_2_text_align=&#8221;center&#8221; header_2_font_size=&#8221;30px&#8221; text_orientation=&#8221;center&#8221; max_width=&#8221;800px&#8221; module_alignment=&#8221;center&#8221; custom_margin=&#8221;||40px|&#8221; animation_direction=&#8221;top&#8221; hover_enabled=&#8221;0&#8243; global_colors_info=&#8221;{}&#8221; sticky_enabled=&#8221;0&#8243;]<\/p>\n<p>Kom g\u00e4rna och bes\u00f6k oss f\u00f6r att sj\u00e4lv se platsen och dess m\u00f6jligheter! F\u00f6r mer information, kontakta konferensansvarige Tord Olsson, tel.070-201 14 30 eller <a href=\"mailto:tord@herrestalada.com\">tord@herrestalada.com<\/a>.<\/p>\n<p>[\/et_pb_text][\/et_pb_column][\/et_pb_row][\/et_pb_section][et_pb_section fb_built=&#8221;1&#8243; module_id=&#8221;bokningsforfragan&#8221; module_class=&#8221;bokningsforfragan&#8221; _builder_version=&#8221;4.23.1&#8243; _module_preset=&#8221;default&#8221; locked=&#8221;off&#8221; global_colors_info=&#8221;{}&#8221;][et_pb_row custom_padding_last_edited=&#8221;on|phone&#8221; _builder_version=&#8221;4.23.1&#8243; _module_preset=&#8221;default&#8221; background_color=&#8221;#ffddd3&#8243; width_tablet=&#8221;&#8221; width_phone=&#8221;100%&#8221; width_last_edited=&#8221;on|tablet&#8221; max_width=&#8221;750px&#8221; max_width_tablet=&#8221;750px&#8221; max_width_phone=&#8221;750px&#8221; max_width_last_edited=&#8221;on|phone&#8221; custom_margin=&#8221;||||false|false&#8221; custom_margin_tablet=&#8221;||||false|false&#8221; custom_margin_phone=&#8221;||||false|false&#8221; custom_margin_last_edited=&#8221;on|desktop&#8221; custom_padding=&#8221;20px|50px|20px|50px|true|true&#8221; custom_padding_tablet=&#8221;20px|50px|20px|50px|true|true&#8221; custom_padding_phone=&#8221;20px|20px|20px|20px|true|true&#8221; global_colors_info=&#8221;{}&#8221;][et_pb_column type=&#8221;4_4&#8243; _builder_version=&#8221;4.23.1&#8243; _module_preset=&#8221;default&#8221; global_colors_info=&#8221;{}&#8221;][et_pb_text _builder_version=&#8221;4.23.4&#8243; _module_preset=&#8221;default&#8221; global_colors_info=&#8221;{}&#8221;]<\/p>\n<h2>Bokningsf\u00f6rfr\u00e5gan<a href=\"mailto:info@herrestalada.com\"><\/a><\/h2>\n<p>[\/et_pb_text][wpforms_selector form_id=&#8221;5459&#8243; _builder_version=&#8221;4.23.4&#8243; _module_preset=&#8221;default&#8221; global_module=&#8221;5246&#8243; saved_tabs=&#8221;all&#8221; locked=&#8221;off&#8221; global_colors_info=&#8221;{}&#8221;][\/wpforms_selector][\/et_pb_column][\/et_pb_row][\/et_pb_section]<\/p>\n","protected":false},"excerpt":{"rendered":"<p>Konferenser och m\u00f6ten i h\u00e4rligt inspirerande milj\u00f6 &nbsp;EN ANNORLUNDA M\u00d6TESPLATSHerresta Lada \u00e4r den perfekta platsen f\u00f6r din konferens, utbildning eller m\u00f6te om du s\u00f6ker en vacker, lugn och inspirerande milj\u00f6. Hos oss m\u00f6ts det charmigt lantliga och det fr\u00e4scht moderna.\u00a0 Herresta Lada ligger n\u00e4ra Arlanda, mitt emellan Stockholm och Uppsala \u2013 p\u00e5 landet n\u00e4ra staden. [&hellip;]<\/p>\n","protected":false},"author":1,"featured_media":0,"parent":19,"menu_order":0,"comment_status":"open","ping_status":"open","template":"","meta":{"_et_pb_use_builder":"on","_et_pb_old_content":"Herresta Lada \u00e4r den perfekta platsen f\u00f6r att arrangera din konferens, utbildning eller ditt m\u00f6te. Den klassiska lantliga men samtidigt fr\u00e4scha milj\u00f6n g\u00f6r ditt arrangemang attraktivt, sp\u00e4nnande och annorlunda. Herresta Lada ligger n\u00e4ra Arlanda och bara en kort bit bort fr\u00e5n E4 mellan Stockholm och Uppsala - P\u00e5 landet n\u00e4ra staden. Platsen \u00e4r vacker, lugn och avskild samtidigt som den \u00e4r anpassad f\u00f6r olika typer av aktiviteter f\u00f6r f\u00f6retag, organisationer och f\u00f6reningar.\r\n\r\n[sc:Kontaktyta]\r\n\r\nH\u00e4r finns flera attraktiva konferenslokaler och kostnadsfria p-platser. M\u00f6jligheter finns ocks\u00e5 att vara b\u00e5de inomhus och utomhus, ost\u00f6rt utan\u00a0andra g\u00e4ster.\r\n<blockquote>Vi som v\u00e4rdpar \u00e4r\u00a0erfarna och v\u00e4letablerade organisationskonsulter, varf\u00f6r vi ocks\u00e5 kan erbjuda utvecklingsst\u00f6d f\u00f6r din arbetsgrupp, f\u00f6rel\u00e4sningar kring intressanta teman, teambuildning, processledning m m. V\u00e4lkommen att l\u00e4s mera p\u00e5 <a href=\"http:\/\/www.indea.se\" target=\"_blank\">INDEA<\/a>\u00a0och om <a title=\"Om v\u00e4rdparet\" href=\"\/omvardparet\/\">oss som v\u00e4rdpar<\/a>.<\/blockquote>\r\n\u00a0\r\n\r\n<a href=\"\/wp-content\/uploads\/2015\/03\/IMG_1102.jpg\"><img class=\"aligncenter wp-image-571 size-medium\" src=\"\/wp-content\/uploads\/2015\/03\/IMG_1102-300x224.jpg\" alt=\"IMG_1102\" width=\"300\" height=\"224\" \/><\/a>\r\n\r\nLokalerna \u00e4r inhysta i en charmig \u00e4ldre lada som nyligen renoverats och inretts just f\u00f6r konferens\u00e4ndam\u00e5l. Lokalerna \u00e4r fullt utrustade f\u00f6r att h\u00e5lla moderna konferenser, utbildningar och m\u00f6ten. Det inneb\u00e4r att lokalerna \u00e4r utrustade med whiteboard, bl\u00e4dderblad, projektor och duk, ljudanl\u00e4ggning, wifi, konferensm\u00f6bler, anteckningsblock och pennor mm.\r\n\r\nF\u00f6r- och eftermiddagsfika ordnas direkt p\u00e5 plats. F\u00f6r\u00a0lunch- eller middagsm\u00e5ltider har vi ett v\u00e4letablerat samarbete med lokala cateringf\u00f6retag av h\u00f6g kvalitet och som erbjuder m\u00e5nga olika smakriktningar och kost\u00f6nskem\u00e5l. I \u00f6vrigt erbjuds f\u00f6rst\u00e5s frukt- och godissk\u00e5lar, dryck och annat som \u00f6nskas, inte minst konferensservice av olika slag.\r\n\r\n\u00d6vernattningsm\u00f6jligheter kan ocks\u00e5 erbjudas f\u00f6r den mindre gruppen.\r\n\r\nKom g\u00e4rna och bes\u00f6k oss f\u00f6r att sj\u00e4lv se platsen och dess m\u00f6jligheter!\r\n\r\n<hr id=\"form-target\" \/>\r\n\r\n<h3>Skicka f\u00f6rfr\u00e5gan<\/h3>\r\n[contact-form-7 id=\"1034\" title=\"Konferens\"]\r\n\r\n\u00a0","_et_gb_content_width":"","inline_featured_image":false,"iawp_total_views":907,"footnotes":""},"class_list":["post-400","page","type-page","status-publish","hentry"],"_links":{"self":[{"href":"https:\/\/herrestalada.com\/en\/wp-json\/wp\/v2\/pages\/400","targetHints":{"allow":["GET"]}}],"collection":[{"href":"https:\/\/herrestalada.com\/en\/wp-json\/wp\/v2\/pages"}],"about":[{"href":"https:\/\/herrestalada.com\/en\/wp-json\/wp\/v2\/types\/page"}],"author":[{"embeddable":true,"href":"https:\/\/herrestalada.com\/en\/wp-json\/wp\/v2\/users\/1"}],"replies":[{"embeddable":true,"href":"https:\/\/herrestalada.com\/en\/wp-json\/wp\/v2\/comments?post=400"}],"version-history":[{"count":5,"href":"https:\/\/herrestalada.com\/en\/wp-json\/wp\/v2\/pages\/400\/revisions"}],"predecessor-version":[{"id":5507,"href":"https:\/\/herrestalada.com\/en\/wp-json\/wp\/v2\/pages\/400\/revisions\/5507"}],"up":[{"embeddable":true,"href":"https:\/\/herrestalada.com\/en\/wp-json\/wp\/v2\/pages\/19"}],"wp:attachment":[{"href":"https:\/\/herrestalada.com\/en\/wp-json\/wp\/v2\/media?parent=400"}],"curies":[{"name":"wp","href":"https:\/\/api.w.org\/{rel}","templated":true}]}}