{"id":398,"date":"2015-03-28T15:49:52","date_gmt":"2015-03-28T14:49:52","guid":{"rendered":"\/herrestalada\/?page_id=398"},"modified":"2024-01-22T12:09:23","modified_gmt":"2024-01-22T11:09:23","slug":"dop-och-begravningskaffe","status":"publish","type":"page","link":"https:\/\/herrestalada.com\/en\/brollop-och-hogtid\/dop-och-begravningskaffe\/","title":{"rendered":"Place for baptism and memorial service in a pleasant and scenic environment"},"content":{"rendered":"<p>[et_pb_section fb_built=&#8221;1&#8243; admin_label=&#8221;Hero Section&#8221; _builder_version=&#8221;4.23.1&#8243; use_background_color_gradient=&#8221;on&#8221; background_color_gradient_direction=&#8221;3deg&#8221; background_color_gradient_stops=&#8221;#ffffff 12%|rgba(0,0,0,0.4) 12%&#8221; background_color_gradient_overlays_image=&#8221;on&#8221; background_color_gradient_start=&#8221;#ffffff&#8221; background_color_gradient_start_position=&#8221;12%&#8221; background_color_gradient_end=&#8221;rgba(0,0,0,0.4)&#8221; background_color_gradient_end_position=&#8221;12%&#8221; background_image=&#8221;https:\/\/herrestalada.com\/wp-content\/uploads\/2018\/10\/DSC_6624_1.jpg&#8221; custom_margin=&#8221;||||false|false&#8221; custom_padding=&#8221;10%||10%||true|false&#8221; locked=&#8221;off&#8221; global_colors_info=&#8221;{}&#8221;][et_pb_row admin_label=&#8221;Page Title Area&#8221; _builder_version=&#8221;4.16&#8243; global_colors_info=&#8221;{}&#8221;][et_pb_column type=&#8221;4_4&#8243; _builder_version=&#8221;4.16&#8243; custom_padding=&#8221;|||&#8221; global_colors_info=&#8221;{}&#8221; custom_padding__hover=&#8221;|||&#8221;][et_pb_text admin_label=&#8221;Hero Section Title&#8221; _builder_version=&#8221;4.23.4&#8243; text_font=&#8221;Montserrat||||||||&#8221; text_font_size=&#8221;20px&#8221; text_line_height=&#8221;1.8em&#8221; header_font=&#8221;Montserrat|600||on|||||&#8221; header_font_size=&#8221;48px&#8221; header_letter_spacing=&#8221;3px&#8221; header_line_height=&#8221;1.3em&#8221; header_2_font=&#8221;Montserrat|700|||||||&#8221; header_2_text_color=&#8221;rgba(255,255,255,0.6)&#8221; header_2_font_size=&#8221;90px&#8221; header_2_letter_spacing=&#8221;3px&#8221; header_2_line_height=&#8221;1.1em&#8221; text_orientation=&#8221;center&#8221; background_layout=&#8221;dark&#8221; max_width=&#8221;90%&#8221; max_width_tablet=&#8221;90%&#8221; max_width_phone=&#8221;100%&#8221; max_width_last_edited=&#8221;on|tablet&#8221; module_alignment=&#8221;center&#8221; custom_margin=&#8221;|||&#8221; custom_padding_tablet=&#8221;&#8221; custom_padding_phone=&#8221;&#8221; custom_padding_last_edited=&#8221;on|phone&#8221; animation_direction=&#8221;bottom&#8221; hover_enabled=&#8221;0&#8243; header_font_size_tablet=&#8221;35px&#8221; header_font_size_phone=&#8221;25px&#8221; header_font_size_last_edited=&#8221;on|phone&#8221; header_2_font_size_tablet=&#8221;&#8221; header_2_font_size_phone=&#8221;50px&#8221; header_2_font_size_last_edited=&#8221;on|phone&#8221; global_colors_info=&#8221;{}&#8221; sticky_enabled=&#8221;0&#8243;]<\/p>\n<h1>En varm plats f\u00f6r dop och minnestund i natursk\u00f6n milj\u00f6<\/h1>\n<p>[\/et_pb_text][\/et_pb_column][\/et_pb_row][\/et_pb_section][et_pb_section fb_built=&#8221;1&#8243; _builder_version=&#8221;4.16&#8243; custom_padding=&#8221;0|0px|54px|0px|false|false&#8221; global_colors_info=&#8221;{}&#8221;][et_pb_row _builder_version=&#8221;4.16&#8243; background_size=&#8221;initial&#8221; background_position=&#8221;top_left&#8221; background_repeat=&#8221;repeat&#8221; global_colors_info=&#8221;{}&#8221;][et_pb_column type=&#8221;4_4&#8243; _builder_version=&#8221;4.16&#8243; custom_padding=&#8221;|||&#8221; global_colors_info=&#8221;{}&#8221; custom_padding__hover=&#8221;|||&#8221;][et_pb_text _builder_version=&#8221;4.23.1&#8243; background_size=&#8221;initial&#8221; background_position=&#8221;top_left&#8221; background_repeat=&#8221;repeat&#8221; max_width=&#8221;800px&#8221; global_colors_info=&#8221;{}&#8221;]<\/p>\n<p>Om du letar efter en plats f\u00f6r dop, minnesstund, uppvaktning eller andra typer av sammankomster s\u00e5 \u00e4r Herresta Lada platsen f\u00f6r dig. V\u00e5r st\u00e4mningsfulla och charmiga festlokal rymmer upp till 70 personer. H\u00e4r f\u00e5r du enskildhet och ro f\u00f6r ditt s\u00e4llskap samtidigt som det ligger \u00e5tkomligt, n\u00e4ra Arlanda flygplats mellan Stockholm och Uppsala. I hyran ing\u00e5r lokaler och tr\u00e4dg\u00e5rd, m\u00f6bler, porslin och annat fr\u00e5n v\u00e5rt v\u00e4lutrustade k\u00f6k. Du ordnar sj\u00e4lv mat, dryck och \u00f6vriga lokaldekorationer. M\u00f6blera som du vill. Beh\u00f6ver du hj\u00e4lp med catering har vi flera samarbeten.<\/p>\n<p>Kom g\u00e4rna ut och titta p\u00e5 lokalerna och den vackra platsen.<\/p>\n<p>M\u00e5nga av v\u00e5ra kunder v\u00e4ljer att anordna sina dop- eller begravningsceremonier i n\u00e5gon av de n\u00e4rliggande kyrkorna. H\u00e4r \u00e4r n\u00e5gra exempel:<\/p>\n<ul>\n<li><a target=\"_blank\" href=\"https:\/\/www.svenskakyrkan.se\/marsta\/defaultaspxid690325\" rel=\"noopener noreferrer\">Odensala kyrka<\/a><\/li>\n<li><a target=\"_blank\" href=\"https:\/\/www.svenskakyrkan.se\/marsta\/defaultaspxid714746\" rel=\"noopener noreferrer\">Valsta kyrka<\/a><\/li>\n<li><a target=\"_blank\" href=\"https:\/\/www.svenskakyrkan.se\/marsta\/defaultaspxid640954\" rel=\"noopener noreferrer\">Husby-\u00c4rlinghundra kyrka<\/a><\/li>\n<li><a target=\"_blank\" href=\"https:\/\/www.svenskakyrkan.se\/marsta\/defaultaspxid690232\" rel=\"noopener noreferrer\">M\u00e4rsta kyrka<\/a><\/li>\n<li><a target=\"_blank\" href=\"https:\/\/www.svenskakyrkan.se\/marsta\/defaultaspxid690316\" rel=\"noopener noreferrer\">Skepptuna kyrka<\/a><\/li>\n<li><a target=\"_blank\" href=\"https:\/\/www.svenskakyrkan.se\/knivsta\/vassunda\" rel=\"noopener noreferrer\">Vassunda kyrka<\/a><\/li>\n<li><a href=\"https:\/\/www.svenskakyrkan.se\/sigtuna\/mariakyrkan\" target=\"_blank\" rel=\"noopener\">Mariakyrkan<\/a><\/li>\n<li><a href=\"https:\/\/www.svenskakyrkan.se\/sigtuna\/haga-kyrka\" target=\"_blank\" rel=\"noopener\">Haga kyrka<\/a><\/li>\n<\/ul>\n<p>[\/et_pb_text][\/et_pb_column][\/et_pb_row][\/et_pb_section][et_pb_section fb_built=&#8221;1&#8243; admin_label=&#8221;Footer Section&#8221; _builder_version=&#8221;4.16&#8243; background_image=&#8221;https:\/\/herrestalada.com\/wp-content\/uploads\/2018\/09\/wedding4.jpg&#8221; background_position=&#8221;top_center&#8221; custom_padding=&#8221;90px||90px|&#8221; global_module=&#8221;5453&#8243; saved_tabs=&#8221;all&#8221; locked=&#8221;off&#8221; global_colors_info=&#8221;{}&#8221;][et_pb_row column_structure=&#8221;1_2,1_2&#8243; admin_label=&#8221;Contact Form Area&#8221; _builder_version=&#8221;4.23.1&#8243; custom_padding=&#8221;0px||||false|false&#8221; global_colors_info=&#8221;{}&#8221;][et_pb_column type=&#8221;1_2&#8243; _builder_version=&#8221;4.16&#8243; custom_padding=&#8221;|||&#8221; global_colors_info=&#8221;{}&#8221; custom_padding__hover=&#8221;|||&#8221;][et_pb_text admin_label=&#8221;Title&#8221; _builder_version=&#8221;4.23.4&#8243; text_font=&#8221;||||||||&#8221; header_font=&#8221;||||||||&#8221; header_2_font=&#8221;Montserrat|600||on|||||&#8221; header_2_font_size=&#8221;30px&#8221; header_2_line_height=&#8221;1.5em&#8221; custom_margin=&#8221;35px||5px||false|false&#8221; custom_margin_tablet=&#8221;35px||5px||false|false&#8221; custom_margin_phone=&#8221;35px||5px||false|false&#8221; custom_margin_last_edited=&#8221;on|desktop&#8221; animation_direction=&#8221;top&#8221; global_colors_info=&#8221;{}&#8221;]<\/p>\n<h2>Vill du ha mer info?<\/h2>\n<p>[\/et_pb_text][et_pb_text _builder_version=&#8221;4.23.4&#8243; text_font_size=&#8221;17px&#8221; header_3_line_height=&#8221;1.3em&#8221; locked=&#8221;off&#8221; global_colors_info=&#8221;{}&#8221;]<\/p>\n<p>Kontakta oss f\u00f6r mer information via telefon, e-post eller fyll i formul\u00e4ret s\u00e5 \u00e5terkommer vi!<\/p>\n<p><strong>Hel\u00e9ne:<\/strong> 0735-465610<br \/><strong>Tord:<\/strong> 0702-011430<\/p>\n<p><a href=\"mailto:info@herrestalada.com\">info@herrestalada.com<\/a><\/p>\n<p>[\/et_pb_text][\/et_pb_column][et_pb_column type=&#8221;1_2&#8243; _builder_version=&#8221;4.16&#8243; custom_padding=&#8221;|||&#8221; global_colors_info=&#8221;{}&#8221; custom_padding__hover=&#8221;|||&#8221;][wpforms_selector form_id=&#8221;5377&#8243; _builder_version=&#8221;4.23.1&#8243; _module_preset=&#8221;default&#8221; global_colors_info=&#8221;{}&#8221;][\/wpforms_selector][\/et_pb_column][\/et_pb_row][\/et_pb_section][et_pb_section fb_built=&#8221;1&#8243; _builder_version=&#8221;4.16&#8243; use_background_color_gradient=&#8221;on&#8221; background_color_gradient_direction=&#8221;90deg&#8221; background_color_gradient_stops=&#8221;#ffffff 0%|rgba(255,255,255,0.85) 100%&#8221; background_color_gradient_start=&#8221;#ffffff&#8221; background_color_gradient_end=&#8221;rgba(255,255,255,0.85)&#8221; background_image=&#8221;https:\/\/herrestalada.com\/wp-content\/uploads\/2018\/10\/DSC_1773_1.jpg&#8221; background_blend=&#8221;overlay&#8221; background_color_gradient_stops_tablet=&#8221;#ffffff 0%|rgba(255,255,255,0.85) 100%&#8221; background_color_gradient_stops_phone=&#8221;#ffffff 0%|rgba(255,255,255,0.85) 100%&#8221; global_module=&#8221;2538&#8243; global_colors_info=&#8221;{}&#8221;][et_pb_row column_structure=&#8221;1_2,1_2&#8243; _builder_version=&#8221;4.16&#8243; background_size=&#8221;initial&#8221; background_position=&#8221;top_left&#8221; background_repeat=&#8221;repeat&#8221; global_colors_info=&#8221;{}&#8221;][et_pb_column type=&#8221;1_2&#8243; _builder_version=&#8221;4.16&#8243; _module_preset=&#8221;default&#8221; global_colors_info=&#8221;{}&#8221;][et_pb_text _builder_version=&#8221;4.23.1&#8243; header_3_line_height=&#8221;1.5em&#8221; global_colors_info=&#8221;{}&#8221;]<\/p>\n<h3 class=\"newsletter-button\">Ta del av vad som \u00e4r p\u00e5 g\u00e5ng p\u00e5 Herresta Lada<\/h3>\n<p><!-- Begin Mailchimp Signup Form --><\/p>\n<div id=\"mc_embed_signup\">\n<form action=\"https:\/\/herrestalada.us11.list-manage.com\/subscribe\/post?u=081a38e5b5a297743db1c777a&amp;id=572b48304b\" method=\"post\" id=\"mc-embedded-subscribe-form\" name=\"mc-embedded-subscribe-form\" class=\"validate\" target=\"_blank\" novalidate=\"novalidate\">\n<div id=\"mc_embed_signup_scroll\">\n<p><label for=\"mce-EMAIL\">F\u00e5 de senaste nyheterna fr\u00e5n Herresta Lada<\/label><br \/><input type=\"email\" value=\"\" name=\"EMAIL\" class=\"email\" id=\"mce-EMAIL\" placeholder=\"e-postadress\" required=\"\" aria-required=\"true\" \/><br \/><!-- real people should not fill this in and expect good things - do not remove this or risk form bot signups--><\/p>\n<p>&nbsp;<\/p>\n<div style=\"position: absolute; left: -5000px;\" aria-hidden=\"true\"><input type=\"text\" name=\"b_081a38e5b5a297743db1c777a_572b48304b\" tabindex=\"-1\" value=\"\" \/><\/div>\n<div class=\"clear\"><input type=\"submit\" value=\"Prenumerera\" name=\"subscribe\" id=\"mc-embedded-subscribe\" class=\"button\" \/><\/div>\n<\/div>\n<\/form>\n<\/div>\n<p><!--End mc_embed_signup--><\/p>\n<p>[\/et_pb_text][\/et_pb_column][et_pb_column type=&#8221;1_2&#8243; _builder_version=&#8221;4.16&#8243; custom_padding=&#8221;|||&#8221; global_colors_info=&#8221;{}&#8221; custom_padding__hover=&#8221;|||&#8221;][\/et_pb_column][\/et_pb_row][\/et_pb_section]<\/p>\n","protected":false},"excerpt":{"rendered":"<p>En varm plats f\u00f6r dop och minnestund i natursk\u00f6n milj\u00f6Om du letar efter en plats f\u00f6r dop, minnesstund, uppvaktning eller andra typer av sammankomster s\u00e5 \u00e4r Herresta Lada platsen f\u00f6r dig. V\u00e5r st\u00e4mningsfulla och charmiga festlokal rymmer upp till 70 personer. H\u00e4r f\u00e5r du enskildhet och ro f\u00f6r ditt s\u00e4llskap samtidigt som det ligger \u00e5tkomligt, [&hellip;]<\/p>\n","protected":false},"author":1,"featured_media":0,"parent":26,"menu_order":0,"comment_status":"open","ping_status":"open","template":"","meta":{"_et_pb_use_builder":"on","_et_pb_old_content":"Om du \u00e4r p\u00e5 jakt efter en <strong>lokal f\u00f6r dop<\/strong>, begravning \/ begravningskaffe, f\u00f6delsedagar, middagar eller andra typer av\u00a0sammankomster s\u00e5 \u00e4r Herresta Lada platsen f\u00f6r dig.\u00a0V\u00e5r st\u00e4mningsfulla och charmiga lokal rymmer upp till 60 personer. H\u00e4r f\u00e5r du enskildhet och ro f\u00f6r ditt s\u00e4llskap samtidigt som det ligger \u00e5tkomligt, n\u00e4ra Arlanda flygplats <strong>mellan Stockholm och Uppsala<\/strong>. Du v\u00e4ljer sj\u00e4lv om du vill hyra lokaler med utrustning och sj\u00e4lv ta med dig all mat, fika och dryck \u2013 eller om du vill best\u00e4lla det.\r\n[sc:Kontaktyta]\r\nKom g\u00e4rna ut och titta p\u00e5 platsen och lokalerna.\r\n\r\nM\u00e5nga av v\u00e5ra kunder v\u00e4ljer att anordna sina dop- eller begravningscermonier i n\u00e5gon av de n\u00e4rliggande kyrkorna.\u00a0H\u00e4r \u00e4r n\u00e5gra exempel:\r\n<ul>\r\n\t<li><a title=\"Odensala kyrka\" href=\"https:\/\/www.svenskakyrkan.se\/marsta\/defaultaspxid690325\">Odensala kyrka<\/a><\/li>\r\n\t<li><a title=\"Valsta kyrka\" href=\"https:\/\/sv.wikipedia.org\/wiki\/Valsta_kyrka\">Valsta kyrka<\/a><\/li>\r\n\t<li><a title=\"Husby-\u00c4rlinghundra kyrka\" href=\"https:\/\/www.svenskakyrkan.se\/default.aspx?id=640954\">Husby-\u00c4rlinghundra kyrka<\/a><\/li>\r\n<\/ul>\r\n\u00a0\r\n\r\n<a href=\"\/wp-content\/uploads\/2015\/03\/IMG_6879-e1426858050309.jpg\"><img class=\"alignnone  wp-image-326\" src=\"\/wp-content\/uploads\/2015\/03\/IMG_6879-e1426858050309-225x300.jpg\" alt=\"Lokal f\u00f6r dop\" width=\"187\" height=\"249\" \/><\/a>\u00a0 \u00a0<a href=\"\/wp-content\/uploads\/2015\/03\/C19GV8DI_q100_w670_mFile_cmOnlyScaleDown_radius10_colorWhite.jpg\"><img class=\"alignnone size-medium wp-image-551\" src=\"\/wp-content\/uploads\/2015\/03\/C19GV8DI_q100_w670_mFile_cmOnlyScaleDown_radius10_colorWhite-300x200.jpg\" alt=\"Begravningsfest lada\" width=\"300\" height=\"200\" \/><\/a>\r\n\r\n<hr id=\"form-target\" \/>\r\n\r\n<h3>Skicka f\u00f6rfr\u00e5gan<\/h3>\r\n[contact-form-7 id=\"1030\" title=\"Festf\u00f6rfr\u00e5gan\"]\r\n\r\n\u00a0","_et_gb_content_width":"","inline_featured_image":false,"iawp_total_views":546,"footnotes":""},"class_list":["post-398","page","type-page","status-publish","hentry"],"_links":{"self":[{"href":"https:\/\/herrestalada.com\/en\/wp-json\/wp\/v2\/pages\/398","targetHints":{"allow":["GET"]}}],"collection":[{"href":"https:\/\/herrestalada.com\/en\/wp-json\/wp\/v2\/pages"}],"about":[{"href":"https:\/\/herrestalada.com\/en\/wp-json\/wp\/v2\/types\/page"}],"author":[{"embeddable":true,"href":"https:\/\/herrestalada.com\/en\/wp-json\/wp\/v2\/users\/1"}],"replies":[{"embeddable":true,"href":"https:\/\/herrestalada.com\/en\/wp-json\/wp\/v2\/comments?post=398"}],"version-history":[{"count":5,"href":"https:\/\/herrestalada.com\/en\/wp-json\/wp\/v2\/pages\/398\/revisions"}],"predecessor-version":[{"id":5522,"href":"https:\/\/herrestalada.com\/en\/wp-json\/wp\/v2\/pages\/398\/revisions\/5522"}],"up":[{"embeddable":true,"href":"https:\/\/herrestalada.com\/en\/wp-json\/wp\/v2\/pages\/26"}],"wp:attachment":[{"href":"https:\/\/herrestalada.com\/en\/wp-json\/wp\/v2\/media?parent=398"}],"curies":[{"name":"wp","href":"https:\/\/api.w.org\/{rel}","templated":true}]}}