{"id":3566,"date":"2020-01-27T17:23:31","date_gmt":"2020-01-27T16:23:31","guid":{"rendered":"https:\/\/herrestalada.com\/?page_id=3566"},"modified":"2024-01-22T12:16:47","modified_gmt":"2024-01-22T11:16:47","slug":"herresta-storage","status":"publish","type":"page","link":"https:\/\/herrestalada.com\/en\/herresta-storage\/","title":{"rendered":"Herresta Storage"},"content":{"rendered":"<p>[et_pb_section fb_built=&#8221;1&#8243; next_background_color=&#8221;#ffffff&#8221; admin_label=&#8221;Hero Section&#8221; _builder_version=&#8221;4.16&#8243; use_background_color_gradient=&#8221;on&#8221; background_color_gradient_direction=&#8221;102deg&#8221; background_color_gradient_stops=&#8221;#076133 12%|rgba(0,0,0,0.4) 85%&#8221; background_color_gradient_overlays_image=&#8221;on&#8221; background_color_gradient_start=&#8221;#076133&#8243; background_color_gradient_start_position=&#8221;12%&#8221; background_color_gradient_end=&#8221;rgba(0,0,0,0.4)&#8221; background_color_gradient_end_position=&#8221;85%&#8221; background_image=&#8221;https:\/\/herrestalada.com\/wp-content\/uploads\/2020\/01\/IMG_2326b.jpg&#8221; background_position=&#8221;center_right&#8221; custom_padding=&#8221;6%||7%|||&#8221; bottom_divider_style=&#8221;asymmetric&#8221; bottom_divider_height=&#8221;30px&#8221; bottom_divider_flip=&#8221;horizontal&#8221; global_colors_info=&#8221;{}&#8221;][et_pb_row admin_label=&#8221;Page Title Area&#8221; _builder_version=&#8221;4.16&#8243; global_colors_info=&#8221;{}&#8221;][et_pb_column type=&#8221;4_4&#8243; _builder_version=&#8221;4.16&#8243; custom_padding=&#8221;|||&#8221; global_colors_info=&#8221;{}&#8221; custom_padding__hover=&#8221;|||&#8221;][et_pb_text admin_label=&#8221;Hero Section Title&#8221; _builder_version=&#8221;4.23.4&#8243; text_font=&#8221;Montserrat||||||||&#8221; text_font_size=&#8221;20px&#8221; text_line_height=&#8221;1.8em&#8221; header_font=&#8221;Montserrat|600||on|||||&#8221; header_font_size=&#8221;48px&#8221; header_letter_spacing=&#8221;3px&#8221; header_line_height=&#8221;1.3em&#8221; header_2_font=&#8221;Montserrat|700|||||||&#8221; header_2_text_color=&#8221;rgba(255,255,255,0.6)&#8221; header_2_font_size=&#8221;90px&#8221; header_2_letter_spacing=&#8221;3px&#8221; header_2_line_height=&#8221;1.1em&#8221; text_orientation=&#8221;center&#8221; background_layout=&#8221;dark&#8221; max_width=&#8221;700px&#8221; module_alignment=&#8221;center&#8221; custom_margin=&#8221;|||&#8221; animation_direction=&#8221;bottom&#8221; hover_enabled=&#8221;0&#8243; header_font_size_tablet=&#8221;&#8221; header_font_size_phone=&#8221;28px&#8221; header_font_size_last_edited=&#8221;on|phone&#8221; header_2_font_size_tablet=&#8221;&#8221; header_2_font_size_phone=&#8221;50px&#8221; header_2_font_size_last_edited=&#8221;on|phone&#8221; global_colors_info=&#8221;{}&#8221; sticky_enabled=&#8221;0&#8243;]<\/p>\n<h1>B\u00e4sta landningsplatsen f\u00f6r dina saker<\/h1>\n<p>Herresta Storage &#8211; nybyggda, s\u00e4kra och rena varmf\u00f6rr\u00e5d<\/p>\n<p>[\/et_pb_text][\/et_pb_column][\/et_pb_row][\/et_pb_section][et_pb_section fb_built=&#8221;1&#8243; admin_label=&#8221;About Me Section&#8221; _builder_version=&#8221;4.16&#8243; custom_padding=&#8221;110px||110px|&#8221; top_divider_color=&#8221;#000000&#8243; global_colors_info=&#8221;{}&#8221;][et_pb_row admin_label=&#8221;Title Area&#8221; _builder_version=&#8221;4.16&#8243; custom_margin=&#8221;|||&#8221; custom_padding=&#8221;||0px|&#8221; global_colors_info=&#8221;{}&#8221;][et_pb_column type=&#8221;4_4&#8243; _builder_version=&#8221;4.16&#8243; custom_padding=&#8221;|||&#8221; global_colors_info=&#8221;{}&#8221; custom_padding__hover=&#8221;|||&#8221;][et_pb_text admin_label=&#8221;Title&#8221; _builder_version=&#8221;4.23.4&#8243; text_font=&#8221;||||||||&#8221; header_font=&#8221;||||||||&#8221; header_2_font=&#8221;Montserrat|600||on|||||&#8221; header_2_text_align=&#8221;center&#8221; header_2_font_size=&#8221;30px&#8221; custom_margin=&#8221;||5px|&#8221; animation_direction=&#8221;top&#8221; hover_enabled=&#8221;0&#8243; global_colors_info=&#8221;{}&#8221; sticky_enabled=&#8221;0&#8243;]<\/p>\n<h2>Om Herresta Storage<\/h2>\n<p>[\/et_pb_text][et_pb_divider color=&#8221;#000000&#8243; divider_weight=&#8221;3px&#8221; _builder_version=&#8221;4.16&#8243; max_width=&#8221;23px&#8221; module_alignment=&#8221;center&#8221; animation_style=&#8221;slide&#8221; animation_intensity_slide=&#8221;20%&#8221; animation_starting_opacity=&#8221;100%&#8221; global_colors_info=&#8221;{}&#8221;][\/et_pb_divider][\/et_pb_column][\/et_pb_row][et_pb_row column_structure=&#8221;1_2,1_2&#8243; admin_label=&#8221;About Me Area&#8221; _builder_version=&#8221;4.16&#8243; global_colors_info=&#8221;{}&#8221;][et_pb_column type=&#8221;1_2&#8243; _builder_version=&#8221;4.16&#8243; custom_padding=&#8221;|||&#8221; global_colors_info=&#8221;{}&#8221; custom_padding__hover=&#8221;|||&#8221;][et_pb_text _builder_version=&#8221;4.23.4&#8243; text_font=&#8221;||||||||&#8221; text_font_size=&#8221;16px&#8221; text_line_height=&#8221;1.8em&#8221; ul_font_size=&#8221;18px&#8221; header_font=&#8221;||||||||&#8221; max_width=&#8221;90%&#8221; custom_margin=&#8221;|||&#8221; animation_direction=&#8221;left&#8221; hover_enabled=&#8221;0&#8243; global_colors_info=&#8221;{}&#8221; sticky_enabled=&#8221;0&#8243;]<\/p>\n<ul>\n<li>F\u00f6rr\u00e5dsstorlekar mellan 2 till 9 kvadratmeter<\/li>\n<li>Priser fr\u00e5n 500 kr per m\u00e5nad<\/li>\n<li>Smart inpasseringssystem, kamera\u00f6vervakning och larm<\/li>\n<li>Du bokar enkelt ditt f\u00f6rr\u00e5d online p\u00e5 <a href=\"https:\/\/herrestastorage.se\" target=\"_blank\" rel=\"noopener\">herrestastorage.se<\/a><\/li>\n<\/ul>\n<p>[\/et_pb_text][\/et_pb_column][et_pb_column type=&#8221;1_2&#8243; _builder_version=&#8221;4.16&#8243; custom_padding=&#8221;|||&#8221; global_colors_info=&#8221;{}&#8221; custom_padding__hover=&#8221;|||&#8221;][et_pb_text _builder_version=&#8221;4.23.4&#8243; text_font_size=&#8221;18px&#8221; hover_enabled=&#8221;0&#8243; global_colors_info=&#8221;{}&#8221; sticky_enabled=&#8221;0&#8243;]<\/p>\n<p>K\u00e4nn dig varmt v\u00e4lkommen att bes\u00f6ka oss och titta p\u00e5 f\u00f6rr\u00e5den. F\u00f6r mer information och visning h\u00f6r av dig till Tord Olsson, tel. 070-201 14 30 eller <a href=\"mailto:tord@herrestastorage.se\">tord@herrestastorage.se<\/a>.<\/p>\n<p>[\/et_pb_text][\/et_pb_column][\/et_pb_row][et_pb_row _builder_version=&#8221;4.16&#8243; global_colors_info=&#8221;{}&#8221;][et_pb_column type=&#8221;4_4&#8243; _builder_version=&#8221;4.16&#8243; global_colors_info=&#8221;{}&#8221;][et_pb_button button_url=&#8221;https:\/\/herrestastorage.se&#8221; url_new_window=&#8221;on&#8221; button_text=&#8221;L\u00e4s mer och best\u00e4ll&#8221; button_alignment=&#8221;center&#8221; _builder_version=&#8221;4.23.4&#8243; custom_button=&#8221;on&#8221; button_text_size=&#8221;16px&#8221; button_text_color=&#8221;#ffffff&#8221; button_bg_color=&#8221;#e10707&#8243; button_border_width=&#8221;0px&#8221; button_letter_spacing=&#8221;2px&#8221; button_font=&#8221;Montserrat|600||on|||||&#8221; button_use_icon=&#8221;off&#8221; custom_margin=&#8221;|||&#8221; custom_padding=&#8221;12px||12px|&#8221; hover_enabled=&#8221;0&#8243; button_letter_spacing_hover=&#8221;2px&#8221; global_colors_info=&#8221;{}&#8221; button_text_size__hover_enabled=&#8221;off&#8221; button_one_text_size__hover_enabled=&#8221;off&#8221; button_two_text_size__hover_enabled=&#8221;off&#8221; button_text_color__hover_enabled=&#8221;off&#8221; button_one_text_color__hover_enabled=&#8221;off&#8221; button_two_text_color__hover_enabled=&#8221;off&#8221; button_border_width__hover_enabled=&#8221;off&#8221; button_one_border_width__hover_enabled=&#8221;off&#8221; button_two_border_width__hover_enabled=&#8221;off&#8221; button_border_color__hover_enabled=&#8221;off&#8221; button_one_border_color__hover_enabled=&#8221;off&#8221; button_two_border_color__hover_enabled=&#8221;off&#8221; button_border_radius__hover_enabled=&#8221;off&#8221; button_one_border_radius__hover_enabled=&#8221;off&#8221; button_two_border_radius__hover_enabled=&#8221;off&#8221; button_letter_spacing__hover_enabled=&#8221;on&#8221; button_letter_spacing__hover=&#8221;2px&#8221; button_one_letter_spacing__hover_enabled=&#8221;off&#8221; button_two_letter_spacing__hover_enabled=&#8221;off&#8221; button_bg_color__hover_enabled=&#8221;off&#8221; button_one_bg_color__hover_enabled=&#8221;off&#8221; button_two_bg_color__hover_enabled=&#8221;off&#8221; sticky_enabled=&#8221;0&#8243;][\/et_pb_button][\/et_pb_column][\/et_pb_row][\/et_pb_section][et_pb_section fb_built=&#8221;1&#8243; admin_label=&#8221;My Skills Section&#8221; _builder_version=&#8221;4.16&#8243; custom_padding=&#8221;90px||90px|&#8221; global_colors_info=&#8221;{}&#8221;][et_pb_row admin_label=&#8221;Section Title&#8221; _builder_version=&#8221;4.16&#8243; custom_margin=&#8221;|||&#8221; custom_padding=&#8221;||0px|&#8221; locked=&#8221;off&#8221; global_colors_info=&#8221;{}&#8221;][et_pb_column type=&#8221;4_4&#8243; _builder_version=&#8221;4.16&#8243; custom_padding=&#8221;|||&#8221; global_colors_info=&#8221;{}&#8221; custom_padding__hover=&#8221;|||&#8221;][et_pb_text admin_label=&#8221;Title&#8221; _builder_version=&#8221;4.23.4&#8243; text_font=&#8221;||||||||&#8221; header_font=&#8221;||||||||&#8221; header_2_font=&#8221;Montserrat|600||on|||||&#8221; header_2_text_align=&#8221;center&#8221; header_2_font_size=&#8221;30px&#8221; custom_margin=&#8221;||5px|&#8221; animation_direction=&#8221;top&#8221; hover_enabled=&#8221;0&#8243; global_colors_info=&#8221;{}&#8221; sticky_enabled=&#8221;0&#8243;]<\/p>\n<h2>S\u00e5 h\u00e4r ser det ut<\/h2>\n<p>[\/et_pb_text][et_pb_divider color=&#8221;#000000&#8243; divider_weight=&#8221;3px&#8221; _builder_version=&#8221;4.16&#8243; max_width=&#8221;23px&#8221; module_alignment=&#8221;center&#8221; animation_style=&#8221;slide&#8221; animation_intensity_slide=&#8221;20%&#8221; animation_starting_opacity=&#8221;100%&#8221; global_colors_info=&#8221;{}&#8221;][\/et_pb_divider][\/et_pb_column][\/et_pb_row][et_pb_row column_structure=&#8221;1_2,1_2&#8243; module_class=&#8221; et_pb_row_fullwidth&#8221; _builder_version=&#8221;4.16&#8243; width=&#8221;89%&#8221; width_tablet=&#8221;80%&#8221; width_phone=&#8221;&#8221; width_last_edited=&#8221;on|desktop&#8221; max_width=&#8221;89%&#8221; max_width_tablet=&#8221;80%&#8221; max_width_phone=&#8221;&#8221; max_width_last_edited=&#8221;on|desktop&#8221; make_fullwidth=&#8221;on&#8221; global_colors_info=&#8221;{}&#8221;][et_pb_column type=&#8221;1_2&#8243; _builder_version=&#8221;4.16&#8243; custom_padding=&#8221;|||&#8221; global_colors_info=&#8221;{}&#8221; custom_padding__hover=&#8221;|||&#8221;][et_pb_image src=&#8221;https:\/\/herrestalada.com\/wp-content\/uploads\/2020\/01\/IMG_2321b.jpg&#8221; _builder_version=&#8221;4.16&#8243; global_colors_info=&#8221;{}&#8221;][\/et_pb_image][\/et_pb_column][et_pb_column type=&#8221;1_2&#8243; _builder_version=&#8221;4.16&#8243; custom_padding=&#8221;|||&#8221; global_colors_info=&#8221;{}&#8221; custom_padding__hover=&#8221;|||&#8221;][et_pb_image src=&#8221;https:\/\/herrestalada.com\/wp-content\/uploads\/2020\/01\/IMG_2313b.jpg&#8221; _builder_version=&#8221;4.16&#8243; global_colors_info=&#8221;{}&#8221;][\/et_pb_image][\/et_pb_column][\/et_pb_row][\/et_pb_section]<\/p>\n","protected":false},"excerpt":{"rendered":"<p>B\u00e4sta landningsplatsen f\u00f6r dina saker Herresta Storage &#8211; nybyggda, s\u00e4kra och rena varmf\u00f6rr\u00e5dOm Herresta Storage F\u00f6rr\u00e5dsstorlekar mellan 2 till 9 kvadratmeter Priser fr\u00e5n 500 kr per m\u00e5nad Smart inpasseringssystem, kamera\u00f6vervakning och larm Du bokar enkelt ditt f\u00f6rr\u00e5d online p\u00e5 herrestastorage.se K\u00e4nn dig varmt v\u00e4lkommen att bes\u00f6ka oss och titta p\u00e5 f\u00f6rr\u00e5den. F\u00f6r mer information och [&hellip;]<\/p>\n","protected":false},"author":9,"featured_media":16,"parent":0,"menu_order":6,"comment_status":"open","ping_status":"closed","template":"","meta":{"_et_pb_use_builder":"on","_et_pb_old_content":"Vi erbjuder fem trivsamma \u00f6vernattningsrum och v\u00e4nder oss fr\u00e4mst till dig som:\r\n<ul>\r\n\t<li>Veckopendlar f\u00f6r att arbeta i Stockholm, M\u00e4rsta, Arlanda eller andra n\u00e4romr\u00e5den<\/li>\r\n\t<li>F\u00f6r <strong>f\u00f6retagets r\u00e4kning<\/strong> l\u00e5ngsiktigt vill ha tillg\u00e5ng till ett attraktivt och <strong>prisv\u00e4rt\u00a0f\u00f6retagsboende<\/strong><\/li>\r\n<\/ul>\r\n[sc:Kontaktyta]\r\nHos oss finns m\u00f6jligheter att \u00f6vernatta p\u00e5 ett mer ombonat och\u00a0hemlikt s\u00e4tt \u00e4n p\u00e5 ett traditionellt hotell. Det finns plats f\u00f6r en eller tv\u00e5 personer per rum. Till rummen h\u00f6r ett v\u00e4lutrustat k\u00f6k\u00a0f\u00f6r <strong>sj\u00e4lvhush\u00e5ll,<\/strong> ett stort och trivsamt allrum samt ett fr\u00e4scht\u00a0toalett- och duschutrymme (d v s delat badrum).\r\n\r\nFri wifi ing\u00e5r samt trygg parkering\u00a0precis\u00a0intill boendet.\r\n\r\nVi efterstr\u00e4var l\u00e5ngsiktiga relationer och boendekontrakt och ger d\u00e4rf\u00f6r mycket konkurrenskraftiga priser f\u00f6r l\u00e4ngre avtal. F\u00f6retagsboendet g\u00e4ller i f\u00f6rsta hand vardagar, d v s veckovis mellan s\u00f6ndag och fredag. Men \u00e4ven andra l\u00f6sningar kan diskuteras.\r\n\r\nF\u00f6r mera information kontakta ansvarig uthyrare Tord Olsson,\u00a0tel.<a title=\"070-201 14 30\" href=\"tel:070-201%2014 30\">070-201 14 30<\/a>\u00a0eller <a href=\"mailto:tord@herrestalada.com\">tord@herrestalada.com<\/a>.\r\n\r\nLadda ned v\u00e5r\u00a0<a href=\"\/wp-content\/uploads\/2015\/03\/Herresta_Lada_Boende.pdf\">Boendefolder<\/a>\r\n\r\n<a title=\"Bilder\" href=\"\/bilder\/\">Se fler bilder \u00bb<\/a>\r\n\r\n<hr id=\"form-target\" \/>\r\n\r\n<h3>Offerf\u00f6rfr\u00e5gan<\/h3>\r\n[contact-form-7 id=\"958\" title=\"Offerf\u00f6rfr\u00e5gan\"]","_et_gb_content_width":"","inline_featured_image":false,"iawp_total_views":630,"footnotes":""},"class_list":["post-3566","page","type-page","status-publish","has-post-thumbnail","hentry"],"_links":{"self":[{"href":"https:\/\/herrestalada.com\/en\/wp-json\/wp\/v2\/pages\/3566","targetHints":{"allow":["GET"]}}],"collection":[{"href":"https:\/\/herrestalada.com\/en\/wp-json\/wp\/v2\/pages"}],"about":[{"href":"https:\/\/herrestalada.com\/en\/wp-json\/wp\/v2\/types\/page"}],"author":[{"embeddable":true,"href":"https:\/\/herrestalada.com\/en\/wp-json\/wp\/v2\/users\/9"}],"replies":[{"embeddable":true,"href":"https:\/\/herrestalada.com\/en\/wp-json\/wp\/v2\/comments?post=3566"}],"version-history":[{"count":5,"href":"https:\/\/herrestalada.com\/en\/wp-json\/wp\/v2\/pages\/3566\/revisions"}],"predecessor-version":[{"id":5533,"href":"https:\/\/herrestalada.com\/en\/wp-json\/wp\/v2\/pages\/3566\/revisions\/5533"}],"wp:featuredmedia":[{"embeddable":true,"href":"https:\/\/herrestalada.com\/en\/wp-json\/wp\/v2\/media\/16"}],"wp:attachment":[{"href":"https:\/\/herrestalada.com\/en\/wp-json\/wp\/v2\/media?parent=3566"}],"curies":[{"name":"wp","href":"https:\/\/api.w.org\/{rel}","templated":true}]}}