{"id":19,"date":"2015-03-16T20:21:37","date_gmt":"2015-03-16T19:21:37","guid":{"rendered":"http:\/\/localhost\/herrestalada\/?page_id=19"},"modified":"2024-01-22T10:36:02","modified_gmt":"2024-01-22T09:36:02","slug":"konferens-och-kurslokaler","status":"publish","type":"page","link":"https:\/\/herrestalada.com\/en\/konferens-och-kurslokaler\/","title":{"rendered":"Gemytliga konferenslokaler n\u00e4ra Stockholm uthyres billigt &#8211; med eller utan konferensservice"},"content":{"rendered":"","protected":false},"excerpt":{"rendered":"<p>Vi erbjuder tv\u00e5 charmiga och moderna konferensrum i en vacker, lantlig milj\u00f6 n\u00e4ra Stockholm. Vid behov kan festlokalen utnyttjas f\u00f6r upp till 60 personer<\/p>","protected":false},"author":1,"featured_media":60,"parent":0,"menu_order":3,"comment_status":"open","ping_status":"closed","template":"","meta":{"_et_pb_use_builder":"","_et_pb_old_content":"","_et_gb_content_width":"","inline_featured_image":false,"iawp_total_views":31,"footnotes":""},"class_list":["post-19","page","type-page","status-publish","has-post-thumbnail","hentry"],"_links":{"self":[{"href":"https:\/\/herrestalada.com\/en\/wp-json\/wp\/v2\/pages\/19","targetHints":{"allow":["GET"]}}],"collection":[{"href":"https:\/\/herrestalada.com\/en\/wp-json\/wp\/v2\/pages"}],"about":[{"href":"https:\/\/herrestalada.com\/en\/wp-json\/wp\/v2\/types\/page"}],"author":[{"embeddable":true,"href":"https:\/\/herrestalada.com\/en\/wp-json\/wp\/v2\/users\/1"}],"replies":[{"embeddable":true,"href":"https:\/\/herrestalada.com\/en\/wp-json\/wp\/v2\/comments?post=19"}],"version-history":[{"count":5,"href":"https:\/\/herrestalada.com\/en\/wp-json\/wp\/v2\/pages\/19\/revisions"}],"predecessor-version":[{"id":5188,"href":"https:\/\/herrestalada.com\/en\/wp-json\/wp\/v2\/pages\/19\/revisions\/5188"}],"wp:featuredmedia":[{"embeddable":true,"href":"https:\/\/herrestalada.com\/en\/wp-json\/wp\/v2\/media\/60"}],"wp:attachment":[{"href":"https:\/\/herrestalada.com\/en\/wp-json\/wp\/v2\/media?parent=19"}],"curies":[{"name":"wp","href":"https:\/\/api.w.org\/{rel}","templated":true}]}}